{"id":807,"date":"2016-11-22T21:10:20","date_gmt":"2016-11-22T21:10:20","guid":{"rendered":"https:\/\/gunnarkask.com\/?page_id=807"},"modified":"2023-11-16T21:18:13","modified_gmt":"2023-11-16T19:18:13","slug":"mansetinoobid","status":"publish","type":"page","link":"https:\/\/gunnarkask.com\/ru\/mansetinoobid\/","title":{"rendered":"\u0417\u0430\u043f\u043e\u043d\u043a\u0438"},"content":{"rendered":"<h3 class=\"wp-block-heading has-text-align-center\"> \u0418\u0437\u0433\u043e\u0442\u0430\u0432\u043b\u0438\u0432\u0430\u044e \u0443\u043a\u0440\u0430\u0448\u0435\u043d\u0438\u044f \u0438\u0441\u0445\u043e\u0434\u044f \u0438\u0437 \u0432\u0430\u0448\u0435\u0433\u043e \u0436\u0435\u043b\u0430\u043d\u0438\u044f<\/h3>\n\n\n\n<p class=\"has-text-align-center\"><strong>\u041d\u0430 \u0444\u043e\u0442\u043e\u0433\u0440\u0430\u0444\u0438\u044f\u0445 \u0438\u0437\u0433\u043e\u0442\u043e\u0432\u043b\u0435\u043d\u043d\u044b\u0435 \u043c\u043d\u043e\u044e \u0437\u0430\u043f\u043e\u043d\u043a\u0438<\/strong><\/p>\n\n\n\n<div style=\"height:1px\" aria-hidden=\"true\" class=\"wp-block-spacer\"><\/div>\n\n\n\n<hr class=\"wp-block-separator has-css-opacity\"\/>\n\n\n\n<figure class=\"wp-block-gallery aligncenter has-nested-images columns-2 is-cropped wp-block-gallery-1 is-layout-flex wp-block-gallery-is-layout-flex\">\n<figure class=\"wp-block-image size-large\"><a href=\"https:\/\/gunnarkask.com\/wp-content\/uploads\/2023\/11\/G677-kullast-mansetinoobid.jpg\"><img loading=\"lazy\" decoding=\"async\" width=\"1024\" height=\"721\" data-id=\"4117\" src=\"https:\/\/gunnarkask.com\/wp-content\/uploads\/2023\/11\/G677-kullast-mansetinoobid-1024x721.jpg\" alt=\"Kullast mansetin\u00f6\u00f6bid\" class=\"wp-image-4117\" srcset=\"https:\/\/gunnarkask.com\/wp-content\/uploads\/2023\/11\/G677-kullast-mansetinoobid-1024x721.jpg 1024w, https:\/\/gunnarkask.com\/wp-content\/uploads\/2023\/11\/G677-kullast-mansetinoobid-300x211.jpg 300w, https:\/\/gunnarkask.com\/wp-content\/uploads\/2023\/11\/G677-kullast-mansetinoobid-768x541.jpg 768w, https:\/\/gunnarkask.com\/wp-content\/uploads\/2023\/11\/G677-kullast-mansetinoobid-18x12.jpg 18w, https:\/\/gunnarkask.com\/wp-content\/uploads\/2023\/11\/G677-kullast-mansetinoobid-700x493.jpg 700w, https:\/\/gunnarkask.com\/wp-content\/uploads\/2023\/11\/G677-kullast-mansetinoobid-332x234.jpg 332w, https:\/\/gunnarkask.com\/wp-content\/uploads\/2023\/11\/G677-kullast-mansetinoobid.jpg 1448w\" sizes=\"auto, (max-width: 1024px) 100vw, 1024px\" \/><\/a><figcaption class=\"wp-element-caption\">G677 &#8211; kullast mansetin\u00f6\u00f6bid<\/figcaption><\/figure>\n\n\n\n<figure class=\"wp-block-image size-large\"><a href=\"https:\/\/gunnarkask.com\/wp-content\/uploads\/2018\/03\/G200-kullast-mansetin\u00f6\u00f6bid-h\u00f5bedast-vapiga.jpg\"><img loading=\"lazy\" decoding=\"async\" width=\"1024\" height=\"708\" data-id=\"1680\" src=\"https:\/\/gunnarkask.com\/wp-content\/uploads\/2018\/03\/G200-kullast-mansetin\u00f6\u00f6bid-h\u00f5bedast-vapiga-1024x708.jpg\" alt=\"Kullast mansetin\u00f6\u00f6bid h\u00f5bedast vapiga\" class=\"wp-image-1680\" srcset=\"https:\/\/gunnarkask.com\/wp-content\/uploads\/2018\/03\/G200-kullast-mansetin\u00f6\u00f6bid-h\u00f5bedast-vapiga-1024x708.jpg 1024w, https:\/\/gunnarkask.com\/wp-content\/uploads\/2018\/03\/G200-kullast-mansetin\u00f6\u00f6bid-h\u00f5bedast-vapiga-300x207.jpg 300w, https:\/\/gunnarkask.com\/wp-content\/uploads\/2018\/03\/G200-kullast-mansetin\u00f6\u00f6bid-h\u00f5bedast-vapiga-768x531.jpg 768w, https:\/\/gunnarkask.com\/wp-content\/uploads\/2018\/03\/G200-kullast-mansetin\u00f6\u00f6bid-h\u00f5bedast-vapiga-500x345.jpg 500w, https:\/\/gunnarkask.com\/wp-content\/uploads\/2018\/03\/G200-kullast-mansetin\u00f6\u00f6bid-h\u00f5bedast-vapiga-700x484.jpg 700w, https:\/\/gunnarkask.com\/wp-content\/uploads\/2018\/03\/G200-kullast-mansetin\u00f6\u00f6bid-h\u00f5bedast-vapiga-332x229.jpg 332w, https:\/\/gunnarkask.com\/wp-content\/uploads\/2018\/03\/G200-kullast-mansetin\u00f6\u00f6bid-h\u00f5bedast-vapiga.jpg 1993w\" sizes=\"auto, (max-width: 1024px) 100vw, 1024px\" \/><\/a><figcaption class=\"wp-element-caption\">G200 &#8211; kullast mansetin\u00f6\u00f6bid h\u00f5bedast vapiga<\/figcaption><\/figure>\n\n\n\n<figure class=\"wp-block-image size-large\"><a href=\"https:\/\/gunnarkask.com\/wp-content\/uploads\/2016\/12\/G75-h\u00f5bedast-mansetin\u00f6\u00f6bid.jpg\"><img loading=\"lazy\" decoding=\"async\" width=\"576\" height=\"1024\" data-id=\"839\" src=\"https:\/\/gunnarkask.com\/wp-content\/uploads\/2016\/12\/G75-h\u00f5bedast-mansetin\u00f6\u00f6bid-576x1024.jpg\" alt=\"H\u00f5bedast mansetin\u00f6\u00f6bid\" class=\"wp-image-839\" srcset=\"https:\/\/gunnarkask.com\/wp-content\/uploads\/2016\/12\/G75-h\u00f5bedast-mansetin\u00f6\u00f6bid-576x1024.jpg 576w, https:\/\/gunnarkask.com\/wp-content\/uploads\/2016\/12\/G75-h\u00f5bedast-mansetin\u00f6\u00f6bid-169x300.jpg 169w, https:\/\/gunnarkask.com\/wp-content\/uploads\/2016\/12\/G75-h\u00f5bedast-mansetin\u00f6\u00f6bid-768x1365.jpg 768w, https:\/\/gunnarkask.com\/wp-content\/uploads\/2016\/12\/G75-h\u00f5bedast-mansetin\u00f6\u00f6bid-500x889.jpg 500w, https:\/\/gunnarkask.com\/wp-content\/uploads\/2016\/12\/G75-h\u00f5bedast-mansetin\u00f6\u00f6bid-700x1244.jpg 700w, https:\/\/gunnarkask.com\/wp-content\/uploads\/2016\/12\/G75-h\u00f5bedast-mansetin\u00f6\u00f6bid-332x590.jpg 332w, https:\/\/gunnarkask.com\/wp-content\/uploads\/2016\/12\/G75-h\u00f5bedast-mansetin\u00f6\u00f6bid.jpg 1377w\" sizes=\"auto, (max-width: 576px) 100vw, 576px\" \/><\/a><figcaption class=\"wp-element-caption\">G75 &#8211; h\u00f5bedast mansetin\u00f6\u00f6bid<\/figcaption><\/figure>\n\n\n\n<figure class=\"wp-block-image size-large\"><a href=\"https:\/\/gunnarkask.com\/wp-content\/uploads\/2016\/11\/G71-kullast-mansetin\u00f6\u00f6bid.jpg\"><img loading=\"lazy\" decoding=\"async\" width=\"576\" height=\"1024\" data-id=\"809\" src=\"https:\/\/gunnarkask.com\/wp-content\/uploads\/2016\/11\/G71-kullast-mansetin\u00f6\u00f6bid-576x1024.jpg\" alt=\"Kullast mansetin\u00f6\u00f6bid\" class=\"wp-image-809\" srcset=\"https:\/\/gunnarkask.com\/wp-content\/uploads\/2016\/11\/G71-kullast-mansetin\u00f6\u00f6bid-576x1024.jpg 576w, https:\/\/gunnarkask.com\/wp-content\/uploads\/2016\/11\/G71-kullast-mansetin\u00f6\u00f6bid-169x300.jpg 169w, https:\/\/gunnarkask.com\/wp-content\/uploads\/2016\/11\/G71-kullast-mansetin\u00f6\u00f6bid-768x1365.jpg 768w, https:\/\/gunnarkask.com\/wp-content\/uploads\/2016\/11\/G71-kullast-mansetin\u00f6\u00f6bid-500x889.jpg 500w, https:\/\/gunnarkask.com\/wp-content\/uploads\/2016\/11\/G71-kullast-mansetin\u00f6\u00f6bid-700x1244.jpg 700w, https:\/\/gunnarkask.com\/wp-content\/uploads\/2016\/11\/G71-kullast-mansetin\u00f6\u00f6bid-332x590.jpg 332w, https:\/\/gunnarkask.com\/wp-content\/uploads\/2016\/11\/G71-kullast-mansetin\u00f6\u00f6bid.jpg 1377w\" sizes=\"auto, (max-width: 576px) 100vw, 576px\" \/><\/a><figcaption class=\"wp-element-caption\">G71 &#8211; kullast mansetin\u00f6\u00f6bid<\/figcaption><\/figure>\n<\/figure>","protected":false},"excerpt":{"rendered":"<p>Valmistan ehteid vastavalt Sinu soovile Piltidel minu poolt valmistatud mansetin\u00f6\u00f6bid<\/p>","protected":false},"author":1,"featured_media":0,"parent":0,"menu_order":0,"comment_status":"closed","ping_status":"closed","template":"","meta":{"footnotes":""},"class_list":["post-807","page","type-page","status-publish","hentry","column","onecol"],"aioseo_notices":[],"jetpack_shortlink":"https:\/\/wp.me\/P7MefF-d1","jetpack-related-posts":[{"id":2178,"url":"https:\/\/gunnarkask.com\/ru\/tehtud-tood\/","url_meta":{"origin":807,"position":0},"title":"\u0421\u0434\u0435\u043b\u0430\u043d\u043d\u044b\u0435 \u0437\u0430\u043a\u0430\u0437\u044b","author":"Yllar","date":"20. \u041c\u0430\u0440 2019","format":false,"excerpt":"Valmistan ehteid vastavalt Sinu soovile. Piltidel minu poolt tehtud t\u00f6\u00f6d teemade j\u00e4rgi. Kui\u00a0Sinulgi on m\u00f5ni\u00a0vahva idee, millest oled m\u00f5elnud, k\u00fcsi julgelt! Leiame koos lahenduse ja peagi saad r\u00f5\u00f5msalt just endale meelep\u00e4rase personaalse ehte! Abielus\u00f5rmused Ehtes\u00f5rmused Ketid, k\u00e4ev\u00f5rud Klotserid K\u00f5rvar\u00f5ngad Ripatsid Ristid Lipsun\u00f5elad, prossid Mansetin\u00f6\u00f6bid Nabar\u00f5ngad, needid Perem\u00e4rgid Kingiidee K\u00f5ik meie\u2026","rel":"","context":"\u041f\u043e\u0445\u043e\u0436\u0430\u044f \u0437\u0430\u043f\u0438\u0441\u044c","block_context":{"text":"\u041f\u043e\u0445\u043e\u0436\u0430\u044f \u0437\u0430\u043f\u0438\u0441\u044c","link":""},"img":{"alt_text":"Tehtud t\u00f6\u00f6d","src":"https:\/\/i0.wp.com\/gunnarkask.com\/wp-content\/uploads\/2019\/03\/P%C3%A4rlid.jpg?resize=350%2C200&ssl=1","width":350,"height":200,"srcset":"https:\/\/i0.wp.com\/gunnarkask.com\/wp-content\/uploads\/2019\/03\/P%C3%A4rlid.jpg?resize=350%2C200&ssl=1 1x, https:\/\/i0.wp.com\/gunnarkask.com\/wp-content\/uploads\/2019\/03\/P%C3%A4rlid.jpg?resize=525%2C300&ssl=1 1.5x, https:\/\/i0.wp.com\/gunnarkask.com\/wp-content\/uploads\/2019\/03\/P%C3%A4rlid.jpg?resize=700%2C400&ssl=1 2x, https:\/\/i0.wp.com\/gunnarkask.com\/wp-content\/uploads\/2019\/03\/P%C3%A4rlid.jpg?resize=1050%2C600&ssl=1 3x, https:\/\/i0.wp.com\/gunnarkask.com\/wp-content\/uploads\/2019\/03\/P%C3%A4rlid.jpg?resize=1400%2C800&ssl=1 4x"},"classes":[]},{"id":907,"url":"https:\/\/gunnarkask.com\/ru\/peremargid\/","url_meta":{"origin":807,"position":1},"title":"\u0421\u0435\u043c\u0435\u0439\u043d\u044b\u0435 \u0433\u0435\u0440\u0431\u0430","author":"Yllar","date":"19. \u0424\u0435\u0432 2017","format":false,"excerpt":"Valmistan ehteid vastavalt Sinu soovile Piltidel minu poolt valmistatud perem\u00e4rgid H\u00f5bedast perekonna m\u00e4rk","rel":"","context":"\u041f\u043e\u0445\u043e\u0436\u0430\u044f \u0437\u0430\u043f\u0438\u0441\u044c","block_context":{"text":"\u041f\u043e\u0445\u043e\u0436\u0430\u044f \u0437\u0430\u043f\u0438\u0441\u044c","link":""},"img":{"alt_text":"H\u00f5bedast perekonna m\u00e4rk","src":"https:\/\/i0.wp.com\/gunnarkask.com\/wp-content\/uploads\/2017\/02\/H%C3%B5bedast-perekonna-m%C3%A4rk.jpg?resize=350%2C200&ssl=1","width":350,"height":200,"srcset":"https:\/\/i0.wp.com\/gunnarkask.com\/wp-content\/uploads\/2017\/02\/H%C3%B5bedast-perekonna-m%C3%A4rk.jpg?resize=350%2C200&ssl=1 1x, https:\/\/i0.wp.com\/gunnarkask.com\/wp-content\/uploads\/2017\/02\/H%C3%B5bedast-perekonna-m%C3%A4rk.jpg?resize=525%2C300&ssl=1 1.5x, https:\/\/i0.wp.com\/gunnarkask.com\/wp-content\/uploads\/2017\/02\/H%C3%B5bedast-perekonna-m%C3%A4rk.jpg?resize=700%2C400&ssl=1 2x, https:\/\/i0.wp.com\/gunnarkask.com\/wp-content\/uploads\/2017\/02\/H%C3%B5bedast-perekonna-m%C3%A4rk.jpg?resize=1050%2C600&ssl=1 3x"},"classes":[]},{"id":283,"url":"https:\/\/gunnarkask.com\/ru\/nabarongad-needid\/","url_meta":{"origin":807,"position":2},"title":"\u041f\u0438\u0440\u0441\u0438\u043d\u0433","author":"Yllar","date":"12. \u0421\u0435\u043d 2016","format":false,"excerpt":"Valmistan ehteid vastavalt Sinu soovile Piltidel minu poolt valmistatud nabar\u00f5ngad, needid G47 - kullast nabar\u00f5ngasG376 - kullast nabar\u00f5ngas loodusliku roosa kvartsigaG199 - kullast nabar\u00f5ngadG173 - kullast k\u00f5rvaneet - pealuu, l\u00e4bim\u00f5\u00f5t 3mmG48 - kullast kulmuneetG124 - kullast k\u00f5rvaneet rubiiniga","rel":"","context":"\u041f\u043e\u0445\u043e\u0436\u0430\u044f \u0437\u0430\u043f\u0438\u0441\u044c","block_context":{"text":"\u041f\u043e\u0445\u043e\u0436\u0430\u044f \u0437\u0430\u043f\u0438\u0441\u044c","link":""},"img":{"alt_text":"Kullast kulmuneet","src":"https:\/\/i0.wp.com\/gunnarkask.com\/wp-content\/uploads\/2016\/10\/G48-kullast-kulmuneet-150x150.jpg?resize=350%2C200&ssl=1","width":350,"height":200,"srcset":"https:\/\/i0.wp.com\/gunnarkask.com\/wp-content\/uploads\/2016\/10\/G48-kullast-kulmuneet-150x150.jpg?resize=350%2C200&ssl=1 1x, https:\/\/i0.wp.com\/gunnarkask.com\/wp-content\/uploads\/2016\/10\/G48-kullast-kulmuneet-150x150.jpg?resize=525%2C300&ssl=1 1.5x, https:\/\/i0.wp.com\/gunnarkask.com\/wp-content\/uploads\/2016\/10\/G48-kullast-kulmuneet-150x150.jpg?resize=700%2C400&ssl=1 2x, https:\/\/i0.wp.com\/gunnarkask.com\/wp-content\/uploads\/2016\/10\/G48-kullast-kulmuneet-150x150.jpg?resize=1050%2C600&ssl=1 3x, https:\/\/i0.wp.com\/gunnarkask.com\/wp-content\/uploads\/2016\/10\/G48-kullast-kulmuneet-150x150.jpg?resize=1400%2C800&ssl=1 4x"},"classes":[]},{"id":364,"url":"https:\/\/gunnarkask.com\/ru\/lipsunoelad-prossid\/","url_meta":{"origin":807,"position":3},"title":"\u0411\u0443\u043b\u0430\u0432\u043a\u0438 \u0434\u043b\u044f \u0433\u0430\u043b\u0441\u0442\u0443\u043a\u0430, \u0431\u0440\u043e\u0448\u0438","author":"Yllar","date":"14. \u0421\u0435\u043d 2016","format":false,"excerpt":"Valmistan ehteid vastavalt Sinu soovile Piltidel minu poolt valmistatud lipsun\u00f5elad, prossid G720 - kullast pross opaalidega G609 - kullast lipsun\u00f5el - Faith Hope Love G66 - kullast lipsun\u00f5el kiviga G174 - h\u00f5bedast lipsun\u00f5el kullast t\u00e4htedega G234-2 - kullast rinnan\u00f5el G234-1 - kullast rinnan\u00f5el G234-1 - kullast rinnan\u00f5el G353 - h\u00f5bedast\u2026","rel":"","context":"\u041f\u043e\u0445\u043e\u0436\u0430\u044f \u0437\u0430\u043f\u0438\u0441\u044c","block_context":{"text":"\u041f\u043e\u0445\u043e\u0436\u0430\u044f \u0437\u0430\u043f\u0438\u0441\u044c","link":""},"img":{"alt_text":"Kullast pross opaalidega","src":"https:\/\/i0.wp.com\/gunnarkask.com\/wp-content\/uploads\/2024\/08\/G720-kullast-pross-opaalidega-150x150.jpg?resize=350%2C200&ssl=1","width":350,"height":200,"srcset":"https:\/\/i0.wp.com\/gunnarkask.com\/wp-content\/uploads\/2024\/08\/G720-kullast-pross-opaalidega-150x150.jpg?resize=350%2C200&ssl=1 1x, https:\/\/i0.wp.com\/gunnarkask.com\/wp-content\/uploads\/2024\/08\/G720-kullast-pross-opaalidega-150x150.jpg?resize=525%2C300&ssl=1 1.5x, https:\/\/i0.wp.com\/gunnarkask.com\/wp-content\/uploads\/2024\/08\/G720-kullast-pross-opaalidega-150x150.jpg?resize=700%2C400&ssl=1 2x, https:\/\/i0.wp.com\/gunnarkask.com\/wp-content\/uploads\/2024\/08\/G720-kullast-pross-opaalidega-150x150.jpg?resize=1050%2C600&ssl=1 3x, https:\/\/i0.wp.com\/gunnarkask.com\/wp-content\/uploads\/2024\/08\/G720-kullast-pross-opaalidega-150x150.jpg?resize=1400%2C800&ssl=1 4x"},"classes":[]},{"id":3217,"url":"https:\/\/gunnarkask.com\/ru\/ristid\/","url_meta":{"origin":807,"position":4},"title":"\u041a\u0440\u0435\u0441\u0442\u0438\u043a\u0438","author":"Yllar","date":"10. \u042f\u043d\u0432 2022","format":false,"excerpt":"Valmistan ehteid vastavalt Sinu soovile Piltidel minu poolt valmistatud ristid G766 - kullast rist koralliga G674 - kullast rist G571 - kullast rist turmaliiniga G564-1 - rist - h\u00f5be ja kuld - esik\u00fclg G564-2 - rist - h\u00f5be ja kuld - tagak\u00fclg G560 - kullast rist G502 - kullast rist\u2026","rel":"","context":"\u041f\u043e\u0445\u043e\u0436\u0430\u044f \u0437\u0430\u043f\u0438\u0441\u044c","block_context":{"text":"\u041f\u043e\u0445\u043e\u0436\u0430\u044f \u0437\u0430\u043f\u0438\u0441\u044c","link":""},"img":{"alt_text":"Kullast rist koralliga","src":"https:\/\/i0.wp.com\/gunnarkask.com\/wp-content\/uploads\/2025\/06\/G766-kullast-rist-koralliga-150x150.jpg?resize=350%2C200&ssl=1","width":350,"height":200,"srcset":"https:\/\/i0.wp.com\/gunnarkask.com\/wp-content\/uploads\/2025\/06\/G766-kullast-rist-koralliga-150x150.jpg?resize=350%2C200&ssl=1 1x, https:\/\/i0.wp.com\/gunnarkask.com\/wp-content\/uploads\/2025\/06\/G766-kullast-rist-koralliga-150x150.jpg?resize=525%2C300&ssl=1 1.5x, https:\/\/i0.wp.com\/gunnarkask.com\/wp-content\/uploads\/2025\/06\/G766-kullast-rist-koralliga-150x150.jpg?resize=700%2C400&ssl=1 2x, https:\/\/i0.wp.com\/gunnarkask.com\/wp-content\/uploads\/2025\/06\/G766-kullast-rist-koralliga-150x150.jpg?resize=1050%2C600&ssl=1 3x"},"classes":[]},{"id":167,"url":"https:\/\/gunnarkask.com\/ru\/korvarongad\/","url_meta":{"origin":807,"position":5},"title":"\u0421\u0435\u0440\u044c\u0433\u0438","author":"Yllar","date":"7. \u0421\u0435\u043d 2016","format":false,"excerpt":"Valmistan ehteid vastavalt Sinu soovile Piltidel minu poolt valmistatud k\u00f5rvar\u00f5ngad G792 - kullast k\u00f5rvar\u00f5ngad diopsiididega G787 - kullast k\u00f5rvar\u00f5ngad G786 - kullast k\u00f5rvar\u00f5ngad laboratoorsete teemanditega 2,73ct G785 - kullast k\u00f5rvar\u00f5ngad naturaalsete p\u00e4rlitega G762 - kullast k\u00f5rvar\u00f5ngad G758 - kullast k\u00f5rvar\u00f5ngad G752 - kullast k\u00f5rvar\u00f5ngas G737 - kullast ripatsid k\u00f5rvar\u00f5ngastele G724\u2026","rel":"","context":"\u041f\u043e\u0445\u043e\u0436\u0430\u044f \u0437\u0430\u043f\u0438\u0441\u044c","block_context":{"text":"\u041f\u043e\u0445\u043e\u0436\u0430\u044f \u0437\u0430\u043f\u0438\u0441\u044c","link":""},"img":{"alt_text":"Kullast k\u00f5rvar\u00f5ngad diopsiididega","src":"https:\/\/i0.wp.com\/gunnarkask.com\/wp-content\/uploads\/2025\/12\/G792-kullast-korvarongad-diopsiididega-150x150.jpg?resize=350%2C200&ssl=1","width":350,"height":200,"srcset":"https:\/\/i0.wp.com\/gunnarkask.com\/wp-content\/uploads\/2025\/12\/G792-kullast-korvarongad-diopsiididega-150x150.jpg?resize=350%2C200&ssl=1 1x, https:\/\/i0.wp.com\/gunnarkask.com\/wp-content\/uploads\/2025\/12\/G792-kullast-korvarongad-diopsiididega-150x150.jpg?resize=525%2C300&ssl=1 1.5x, https:\/\/i0.wp.com\/gunnarkask.com\/wp-content\/uploads\/2025\/12\/G792-kullast-korvarongad-diopsiididega-150x150.jpg?resize=700%2C400&ssl=1 2x, https:\/\/i0.wp.com\/gunnarkask.com\/wp-content\/uploads\/2025\/12\/G792-kullast-korvarongad-diopsiididega-150x150.jpg?resize=1050%2C600&ssl=1 3x, https:\/\/i0.wp.com\/gunnarkask.com\/wp-content\/uploads\/2025\/12\/G792-kullast-korvarongad-diopsiididega-150x150.jpg?resize=1400%2C800&ssl=1 4x"},"classes":[]}],"jetpack_sharing_enabled":true,"_links":{"self":[{"href":"https:\/\/gunnarkask.com\/ru\/wp-json\/wp\/v2\/pages\/807","targetHints":{"allow":["GET"]}}],"collection":[{"href":"https:\/\/gunnarkask.com\/ru\/wp-json\/wp\/v2\/pages"}],"about":[{"href":"https:\/\/gunnarkask.com\/ru\/wp-json\/wp\/v2\/types\/page"}],"author":[{"embeddable":true,"href":"https:\/\/gunnarkask.com\/ru\/wp-json\/wp\/v2\/users\/1"}],"replies":[{"embeddable":true,"href":"https:\/\/gunnarkask.com\/ru\/wp-json\/wp\/v2\/comments?post=807"}],"version-history":[{"count":23,"href":"https:\/\/gunnarkask.com\/ru\/wp-json\/wp\/v2\/pages\/807\/revisions"}],"predecessor-version":[{"id":4119,"href":"https:\/\/gunnarkask.com\/ru\/wp-json\/wp\/v2\/pages\/807\/revisions\/4119"}],"wp:attachment":[{"href":"https:\/\/gunnarkask.com\/ru\/wp-json\/wp\/v2\/media?parent=807"}],"curies":[{"name":"wp","href":"https:\/\/api.w.org\/{rel}","templated":true}]}}