{"id":364,"date":"2016-09-14T20:20:58","date_gmt":"2016-09-14T20:20:58","guid":{"rendered":"https:\/\/gunnarkask.com\/?page_id=364"},"modified":"2024-08-12T19:03:43","modified_gmt":"2024-08-12T16:03:43","slug":"lipsunoelad-prossid","status":"publish","type":"page","link":"https:\/\/gunnarkask.com\/ru\/lipsunoelad-prossid\/","title":{"rendered":"\u0411\u0443\u043b\u0430\u0432\u043a\u0438 \u0434\u043b\u044f \u0433\u0430\u043b\u0441\u0442\u0443\u043a\u0430, \u0431\u0440\u043e\u0448\u0438"},"content":{"rendered":"<h3 class=\"wp-block-heading has-text-align-center\"> \u0418\u0437\u0433\u043e\u0442\u0430\u0432\u043b\u0438\u0432\u0430\u044e \u0443\u043a\u0440\u0430\u0448\u0435\u043d\u0438\u044f \u0438\u0441\u0445\u043e\u0434\u044f \u0438\u0437 \u0432\u0430\u0448\u0435\u0433\u043e \u0436\u0435\u043b\u0430\u043d\u0438\u044f <\/h3>\n\n\n\n<p class=\"has-text-align-center\"><strong>\u041d\u0430 \u0444\u043e\u0442\u043e\u0433\u0440\u0430\u0444\u0438\u044f\u0445 \u0438\u0437\u0433\u043e\u0442\u043e\u0432\u043b\u0435\u043d\u043d\u044b\u0435 \u043c\u043d\u043e\u044e \u0431\u0443\u043b\u0430\u0432\u043a\u0438 \u0434\u043b\u044f \u0433\u0430\u043b\u0441\u0442\u0443\u043a\u0430 \u0438 \u0431\u0440\u043e\u0448\u0438<\/strong><\/p>\n\n\n\n<div style=\"height:1px\" aria-hidden=\"true\" class=\"wp-block-spacer\"><\/div>\n\n\n\n<hr class=\"wp-block-separator has-css-opacity\"\/>\n\n\n\n<h2 class=\"wp-block-heading\"><\/h2>\n\n\n\n<figure class=\"wp-block-gallery aligncenter has-nested-images columns-4 is-cropped wp-block-gallery-1 is-layout-flex wp-block-gallery-is-layout-flex\">\n<figure class=\"wp-block-image size-large\"><a href=\"https:\/\/gunnarkask.com\/wp-content\/uploads\/2024\/08\/G720-kullast-pross-opaalidega.jpg\"><img loading=\"lazy\" decoding=\"async\" width=\"1024\" height=\"735\" data-id=\"4282\" src=\"https:\/\/gunnarkask.com\/wp-content\/uploads\/2024\/08\/G720-kullast-pross-opaalidega-1024x735.jpg\" alt=\"Kullast pross opaalidega\" class=\"wp-image-4282\" srcset=\"https:\/\/gunnarkask.com\/wp-content\/uploads\/2024\/08\/G720-kullast-pross-opaalidega-1024x735.jpg 1024w, https:\/\/gunnarkask.com\/wp-content\/uploads\/2024\/08\/G720-kullast-pross-opaalidega-300x215.jpg 300w, https:\/\/gunnarkask.com\/wp-content\/uploads\/2024\/08\/G720-kullast-pross-opaalidega-768x551.jpg 768w, https:\/\/gunnarkask.com\/wp-content\/uploads\/2024\/08\/G720-kullast-pross-opaalidega-1536x1102.jpg 1536w, https:\/\/gunnarkask.com\/wp-content\/uploads\/2024\/08\/G720-kullast-pross-opaalidega-18x12.jpg 18w, https:\/\/gunnarkask.com\/wp-content\/uploads\/2024\/08\/G720-kullast-pross-opaalidega-700x502.jpg 700w, https:\/\/gunnarkask.com\/wp-content\/uploads\/2024\/08\/G720-kullast-pross-opaalidega-332x238.jpg 332w, https:\/\/gunnarkask.com\/wp-content\/uploads\/2024\/08\/G720-kullast-pross-opaalidega.jpg 1736w\" sizes=\"auto, (max-width: 1024px) 100vw, 1024px\" \/><\/a><figcaption class=\"wp-element-caption\">G720 &#8211; kullast pross opaalidega<\/figcaption><\/figure>\n\n\n\n<figure class=\"wp-block-image size-large\"><a href=\"https:\/\/gunnarkask.com\/wp-content\/uploads\/2022\/12\/G609-kullast-lipsunoel-Faith-Hope-Love.jpg\"><img loading=\"lazy\" decoding=\"async\" width=\"1024\" height=\"738\" data-id=\"3870\" src=\"https:\/\/gunnarkask.com\/wp-content\/uploads\/2022\/12\/G609-kullast-lipsunoel-Faith-Hope-Love-1024x738.jpg\" alt=\"Kullast lipsun\u00f5el - Faith Hope Love\" class=\"wp-image-3870\" srcset=\"https:\/\/gunnarkask.com\/wp-content\/uploads\/2022\/12\/G609-kullast-lipsunoel-Faith-Hope-Love-1024x738.jpg 1024w, https:\/\/gunnarkask.com\/wp-content\/uploads\/2022\/12\/G609-kullast-lipsunoel-Faith-Hope-Love-300x216.jpg 300w, https:\/\/gunnarkask.com\/wp-content\/uploads\/2022\/12\/G609-kullast-lipsunoel-Faith-Hope-Love-768x554.jpg 768w, https:\/\/gunnarkask.com\/wp-content\/uploads\/2022\/12\/G609-kullast-lipsunoel-Faith-Hope-Love-1536x1107.jpg 1536w, https:\/\/gunnarkask.com\/wp-content\/uploads\/2022\/12\/G609-kullast-lipsunoel-Faith-Hope-Love-18x12.jpg 18w, https:\/\/gunnarkask.com\/wp-content\/uploads\/2022\/12\/G609-kullast-lipsunoel-Faith-Hope-Love-700x505.jpg 700w, https:\/\/gunnarkask.com\/wp-content\/uploads\/2022\/12\/G609-kullast-lipsunoel-Faith-Hope-Love-332x239.jpg 332w, https:\/\/gunnarkask.com\/wp-content\/uploads\/2022\/12\/G609-kullast-lipsunoel-Faith-Hope-Love.jpg 1701w\" sizes=\"auto, (max-width: 1024px) 100vw, 1024px\" \/><\/a><figcaption class=\"wp-element-caption\">G609 &#8211; kullast lipsun\u00f5el &#8211; Faith Hope Love<\/figcaption><\/figure>\n\n\n\n<figure class=\"wp-block-image size-large\"><a href=\"https:\/\/gunnarkask.com\/wp-content\/uploads\/2016\/10\/G66-kullast-lipsun\u00f5el-kiviga.jpg\"><img loading=\"lazy\" decoding=\"async\" width=\"1024\" height=\"575\" data-id=\"700\" src=\"https:\/\/gunnarkask.com\/wp-content\/uploads\/2016\/10\/G66-kullast-lipsun\u00f5el-kiviga-1024x575.jpg\" alt=\"Kullast lipsun\u00f5el kiviga\" class=\"wp-image-700\" srcset=\"https:\/\/gunnarkask.com\/wp-content\/uploads\/2016\/10\/G66-kullast-lipsun\u00f5el-kiviga-1024x575.jpg 1024w, https:\/\/gunnarkask.com\/wp-content\/uploads\/2016\/10\/G66-kullast-lipsun\u00f5el-kiviga-300x168.jpg 300w, https:\/\/gunnarkask.com\/wp-content\/uploads\/2016\/10\/G66-kullast-lipsun\u00f5el-kiviga-768x431.jpg 768w, https:\/\/gunnarkask.com\/wp-content\/uploads\/2016\/10\/G66-kullast-lipsun\u00f5el-kiviga-500x281.jpg 500w, https:\/\/gunnarkask.com\/wp-content\/uploads\/2016\/10\/G66-kullast-lipsun\u00f5el-kiviga-700x393.jpg 700w, https:\/\/gunnarkask.com\/wp-content\/uploads\/2016\/10\/G66-kullast-lipsun\u00f5el-kiviga-332x186.jpg 332w\" sizes=\"auto, (max-width: 1024px) 100vw, 1024px\" \/><\/a><figcaption class=\"wp-element-caption\">G66 &#8211; kullast lipsun\u00f5el kiviga<\/figcaption><\/figure>\n\n\n\n<figure class=\"wp-block-image size-large\"><a href=\"https:\/\/gunnarkask.com\/wp-content\/uploads\/2017\/12\/G174-h\u00f5bedast-lipsun\u00f5el-kullast-t\u00e4htedega.jpg\"><img loading=\"lazy\" decoding=\"async\" width=\"1024\" height=\"576\" data-id=\"1538\" src=\"https:\/\/gunnarkask.com\/wp-content\/uploads\/2017\/12\/G174-h\u00f5bedast-lipsun\u00f5el-kullast-t\u00e4htedega-1024x576.jpg\" alt=\"H\u00f5bedast lipsun\u00f5el kullast t\u00e4htedega\" class=\"wp-image-1538\" srcset=\"https:\/\/gunnarkask.com\/wp-content\/uploads\/2017\/12\/G174-h\u00f5bedast-lipsun\u00f5el-kullast-t\u00e4htedega-1024x576.jpg 1024w, https:\/\/gunnarkask.com\/wp-content\/uploads\/2017\/12\/G174-h\u00f5bedast-lipsun\u00f5el-kullast-t\u00e4htedega-300x169.jpg 300w, https:\/\/gunnarkask.com\/wp-content\/uploads\/2017\/12\/G174-h\u00f5bedast-lipsun\u00f5el-kullast-t\u00e4htedega-768x432.jpg 768w, https:\/\/gunnarkask.com\/wp-content\/uploads\/2017\/12\/G174-h\u00f5bedast-lipsun\u00f5el-kullast-t\u00e4htedega-500x281.jpg 500w, https:\/\/gunnarkask.com\/wp-content\/uploads\/2017\/12\/G174-h\u00f5bedast-lipsun\u00f5el-kullast-t\u00e4htedega-700x393.jpg 700w, https:\/\/gunnarkask.com\/wp-content\/uploads\/2017\/12\/G174-h\u00f5bedast-lipsun\u00f5el-kullast-t\u00e4htedega-332x187.jpg 332w\" sizes=\"auto, (max-width: 1024px) 100vw, 1024px\" \/><\/a><figcaption class=\"wp-element-caption\">G174 &#8211; h\u00f5bedast lipsun\u00f5el kullast t\u00e4htedega<\/figcaption><\/figure>\n\n\n\n<figure class=\"wp-block-image size-large\"><a href=\"https:\/\/gunnarkask.com\/wp-content\/uploads\/2018\/07\/G234-2-kullast-rinnan\u00f5el.jpg\"><img loading=\"lazy\" decoding=\"async\" width=\"1024\" height=\"723\" data-id=\"1937\" src=\"https:\/\/gunnarkask.com\/wp-content\/uploads\/2018\/07\/G234-2-kullast-rinnan\u00f5el-1024x723.jpg\" alt=\"Kullast rinnan\u00f5el\" class=\"wp-image-1937\" srcset=\"https:\/\/gunnarkask.com\/wp-content\/uploads\/2018\/07\/G234-2-kullast-rinnan\u00f5el-1024x723.jpg 1024w, https:\/\/gunnarkask.com\/wp-content\/uploads\/2018\/07\/G234-2-kullast-rinnan\u00f5el-300x212.jpg 300w, https:\/\/gunnarkask.com\/wp-content\/uploads\/2018\/07\/G234-2-kullast-rinnan\u00f5el-768x542.jpg 768w, https:\/\/gunnarkask.com\/wp-content\/uploads\/2018\/07\/G234-2-kullast-rinnan\u00f5el-500x353.jpg 500w, https:\/\/gunnarkask.com\/wp-content\/uploads\/2018\/07\/G234-2-kullast-rinnan\u00f5el-700x494.jpg 700w, https:\/\/gunnarkask.com\/wp-content\/uploads\/2018\/07\/G234-2-kullast-rinnan\u00f5el-332x234.jpg 332w\" sizes=\"auto, (max-width: 1024px) 100vw, 1024px\" \/><\/a><figcaption class=\"wp-element-caption\">G234-2 &#8211; kullast rinnan\u00f5el<\/figcaption><\/figure>\n\n\n\n<figure class=\"wp-block-image size-large\"><a href=\"https:\/\/gunnarkask.com\/wp-content\/uploads\/2018\/12\/G234-1-kullast-rinnan\u00f5el.jpg\"><img loading=\"lazy\" decoding=\"async\" width=\"1024\" height=\"693\" data-id=\"2013\" src=\"https:\/\/gunnarkask.com\/wp-content\/uploads\/2018\/12\/G234-1-kullast-rinnan\u00f5el-1024x693.jpg\" alt=\"Kullast rinnan\u00f5el\" class=\"wp-image-2013\" srcset=\"https:\/\/gunnarkask.com\/wp-content\/uploads\/2018\/12\/G234-1-kullast-rinnan\u00f5el-1024x693.jpg 1024w, https:\/\/gunnarkask.com\/wp-content\/uploads\/2018\/12\/G234-1-kullast-rinnan\u00f5el-300x203.jpg 300w, https:\/\/gunnarkask.com\/wp-content\/uploads\/2018\/12\/G234-1-kullast-rinnan\u00f5el-768x520.jpg 768w, https:\/\/gunnarkask.com\/wp-content\/uploads\/2018\/12\/G234-1-kullast-rinnan\u00f5el-500x338.jpg 500w, https:\/\/gunnarkask.com\/wp-content\/uploads\/2018\/12\/G234-1-kullast-rinnan\u00f5el-700x474.jpg 700w, https:\/\/gunnarkask.com\/wp-content\/uploads\/2018\/12\/G234-1-kullast-rinnan\u00f5el-332x225.jpg 332w\" sizes=\"auto, (max-width: 1024px) 100vw, 1024px\" \/><\/a><figcaption class=\"wp-element-caption\">G234-1 &#8211; kullast rinnan\u00f5el<\/figcaption><\/figure>\n\n\n\n<figure class=\"wp-block-image size-large\"><a href=\"https:\/\/gunnarkask.com\/wp-content\/uploads\/2018\/07\/G234-kullast-rinnan\u00f5el.jpg\"><img loading=\"lazy\" decoding=\"async\" width=\"1024\" height=\"768\" data-id=\"1935\" src=\"https:\/\/gunnarkask.com\/wp-content\/uploads\/2018\/07\/G234-kullast-rinnan\u00f5el-1024x768.jpg\" alt=\"Kullast rinnan\u00f5el\" class=\"wp-image-1935\" srcset=\"https:\/\/gunnarkask.com\/wp-content\/uploads\/2018\/07\/G234-kullast-rinnan\u00f5el-1024x768.jpg 1024w, https:\/\/gunnarkask.com\/wp-content\/uploads\/2018\/07\/G234-kullast-rinnan\u00f5el-300x225.jpg 300w, https:\/\/gunnarkask.com\/wp-content\/uploads\/2018\/07\/G234-kullast-rinnan\u00f5el-768x576.jpg 768w, https:\/\/gunnarkask.com\/wp-content\/uploads\/2018\/07\/G234-kullast-rinnan\u00f5el-500x375.jpg 500w, https:\/\/gunnarkask.com\/wp-content\/uploads\/2018\/07\/G234-kullast-rinnan\u00f5el-700x525.jpg 700w, https:\/\/gunnarkask.com\/wp-content\/uploads\/2018\/07\/G234-kullast-rinnan\u00f5el-332x249.jpg 332w\" sizes=\"auto, (max-width: 1024px) 100vw, 1024px\" \/><\/a><figcaption class=\"wp-element-caption\">G234-1 &#8211; kullast rinnan\u00f5el<\/figcaption><\/figure>\n\n\n\n<figure class=\"wp-block-image size-large\"><a href=\"https:\/\/gunnarkask.com\/wp-content\/uploads\/2020\/01\/G353-h\u00f5bedast-V\u00f5ru-meeskoori-m\u00e4rk.jpg\"><img loading=\"lazy\" decoding=\"async\" width=\"1024\" height=\"765\" data-id=\"2416\" src=\"https:\/\/gunnarkask.com\/wp-content\/uploads\/2020\/01\/G353-h\u00f5bedast-V\u00f5ru-meeskoori-m\u00e4rk-1024x765.jpg\" alt=\"H\u00f5bedast V\u00f5ru meeskoori m\u00e4rk - lisaks lipsun\u00f5elad, prossid kullast ja h\u00f5bedast\" class=\"wp-image-2416\" srcset=\"https:\/\/gunnarkask.com\/wp-content\/uploads\/2020\/01\/G353-h\u00f5bedast-V\u00f5ru-meeskoori-m\u00e4rk-1024x765.jpg 1024w, https:\/\/gunnarkask.com\/wp-content\/uploads\/2020\/01\/G353-h\u00f5bedast-V\u00f5ru-meeskoori-m\u00e4rk-300x224.jpg 300w, https:\/\/gunnarkask.com\/wp-content\/uploads\/2020\/01\/G353-h\u00f5bedast-V\u00f5ru-meeskoori-m\u00e4rk-768x574.jpg 768w, https:\/\/gunnarkask.com\/wp-content\/uploads\/2020\/01\/G353-h\u00f5bedast-V\u00f5ru-meeskoori-m\u00e4rk-500x374.jpg 500w, https:\/\/gunnarkask.com\/wp-content\/uploads\/2020\/01\/G353-h\u00f5bedast-V\u00f5ru-meeskoori-m\u00e4rk-700x523.jpg 700w, https:\/\/gunnarkask.com\/wp-content\/uploads\/2020\/01\/G353-h\u00f5bedast-V\u00f5ru-meeskoori-m\u00e4rk-332x248.jpg 332w\" sizes=\"auto, (max-width: 1024px) 100vw, 1024px\" \/><\/a><figcaption class=\"wp-element-caption\">G353 &#8211; h\u00f5bedast V\u00f5ru meeskoori m\u00e4rk<\/figcaption><\/figure>\n\n\n\n<figure class=\"wp-block-image size-large\"><a href=\"https:\/\/gunnarkask.com\/wp-content\/uploads\/2021\/11\/G532-kullast-pross-opaalide-ja-karneooliga.jpg\"><img loading=\"lazy\" decoding=\"async\" width=\"911\" height=\"1024\" data-id=\"3108\" src=\"https:\/\/gunnarkask.com\/wp-content\/uploads\/2021\/11\/G532-kullast-pross-opaalide-ja-karneooliga-911x1024.jpg\" alt=\"\" class=\"wp-image-3108\" srcset=\"https:\/\/gunnarkask.com\/wp-content\/uploads\/2021\/11\/G532-kullast-pross-opaalide-ja-karneooliga-911x1024.jpg 911w, https:\/\/gunnarkask.com\/wp-content\/uploads\/2021\/11\/G532-kullast-pross-opaalide-ja-karneooliga-267x300.jpg 267w, https:\/\/gunnarkask.com\/wp-content\/uploads\/2021\/11\/G532-kullast-pross-opaalide-ja-karneooliga-768x863.jpg 768w, https:\/\/gunnarkask.com\/wp-content\/uploads\/2021\/11\/G532-kullast-pross-opaalide-ja-karneooliga-1367x1536.jpg 1367w, https:\/\/gunnarkask.com\/wp-content\/uploads\/2021\/11\/G532-kullast-pross-opaalide-ja-karneooliga-11x12.jpg 11w, https:\/\/gunnarkask.com\/wp-content\/uploads\/2021\/11\/G532-kullast-pross-opaalide-ja-karneooliga-700x787.jpg 700w, https:\/\/gunnarkask.com\/wp-content\/uploads\/2021\/11\/G532-kullast-pross-opaalide-ja-karneooliga-332x373.jpg 332w, https:\/\/gunnarkask.com\/wp-content\/uploads\/2021\/11\/G532-kullast-pross-opaalide-ja-karneooliga.jpg 1478w\" sizes=\"auto, (max-width: 911px) 100vw, 911px\" \/><\/a><figcaption class=\"wp-element-caption\">G532 &#8211; kullast pross opaalide ja karneooliga<\/figcaption><\/figure>\n\n\n\n<figure class=\"wp-block-image size-large\"><a href=\"https:\/\/gunnarkask.com\/wp-content\/uploads\/2022\/01\/G551-kullast-pross-kameega.jpg\"><img loading=\"lazy\" decoding=\"async\" width=\"1013\" height=\"1024\" data-id=\"3342\" src=\"https:\/\/gunnarkask.com\/wp-content\/uploads\/2022\/01\/G551-kullast-pross-kameega-1013x1024.jpg\" alt=\"Kullast pross kameega\" class=\"wp-image-3342\" srcset=\"https:\/\/gunnarkask.com\/wp-content\/uploads\/2022\/01\/G551-kullast-pross-kameega-1013x1024.jpg 1013w, https:\/\/gunnarkask.com\/wp-content\/uploads\/2022\/01\/G551-kullast-pross-kameega-297x300.jpg 297w, https:\/\/gunnarkask.com\/wp-content\/uploads\/2022\/01\/G551-kullast-pross-kameega-768x776.jpg 768w, https:\/\/gunnarkask.com\/wp-content\/uploads\/2022\/01\/G551-kullast-pross-kameega-1520x1536.jpg 1520w, https:\/\/gunnarkask.com\/wp-content\/uploads\/2022\/01\/G551-kullast-pross-kameega-12x12.jpg 12w, https:\/\/gunnarkask.com\/wp-content\/uploads\/2022\/01\/G551-kullast-pross-kameega-700x707.jpg 700w, https:\/\/gunnarkask.com\/wp-content\/uploads\/2022\/01\/G551-kullast-pross-kameega-332x335.jpg 332w, https:\/\/gunnarkask.com\/wp-content\/uploads\/2022\/01\/G551-kullast-pross-kameega.jpg 1615w\" sizes=\"auto, (max-width: 1013px) 100vw, 1013px\" \/><\/a><figcaption class=\"wp-element-caption\">G551 &#8211; kullast pross kameega<\/figcaption><\/figure>\n<\/figure>\n\n\n\n<p><\/p>","protected":false},"excerpt":{"rendered":"<p>Valmistan ehteid vastavalt Sinu soovile Piltidel minu poolt valmistatud lipsun\u00f5elad, prossid<\/p>","protected":false},"author":1,"featured_media":0,"parent":0,"menu_order":0,"comment_status":"closed","ping_status":"closed","template":"","meta":{"footnotes":""},"class_list":["post-364","page","type-page","status-publish","hentry","column","onecol"],"aioseo_notices":[],"jetpack_shortlink":"https:\/\/wp.me\/P7MefF-5S","jetpack-related-posts":[{"id":2178,"url":"https:\/\/gunnarkask.com\/ru\/tehtud-tood\/","url_meta":{"origin":364,"position":0},"title":"\u0421\u0434\u0435\u043b\u0430\u043d\u043d\u044b\u0435 \u0437\u0430\u043a\u0430\u0437\u044b","author":"Yllar","date":"20. \u041c\u0430\u0440 2019","format":false,"excerpt":"Valmistan ehteid vastavalt Sinu soovile. Piltidel minu poolt tehtud t\u00f6\u00f6d teemade j\u00e4rgi. Kui\u00a0Sinulgi on m\u00f5ni\u00a0vahva idee, millest oled m\u00f5elnud, k\u00fcsi julgelt! Leiame koos lahenduse ja peagi saad r\u00f5\u00f5msalt just endale meelep\u00e4rase personaalse ehte! Abielus\u00f5rmused Ehtes\u00f5rmused Ketid, k\u00e4ev\u00f5rud Klotserid K\u00f5rvar\u00f5ngad Ripatsid Ristid Lipsun\u00f5elad, prossid Mansetin\u00f6\u00f6bid Nabar\u00f5ngad, needid Perem\u00e4rgid Kingiidee K\u00f5ik meie\u2026","rel":"","context":"\u041f\u043e\u0445\u043e\u0436\u0430\u044f \u0437\u0430\u043f\u0438\u0441\u044c","block_context":{"text":"\u041f\u043e\u0445\u043e\u0436\u0430\u044f \u0437\u0430\u043f\u0438\u0441\u044c","link":""},"img":{"alt_text":"Tehtud t\u00f6\u00f6d","src":"https:\/\/i0.wp.com\/gunnarkask.com\/wp-content\/uploads\/2019\/03\/P%C3%A4rlid.jpg?resize=350%2C200&ssl=1","width":350,"height":200,"srcset":"https:\/\/i0.wp.com\/gunnarkask.com\/wp-content\/uploads\/2019\/03\/P%C3%A4rlid.jpg?resize=350%2C200&ssl=1 1x, https:\/\/i0.wp.com\/gunnarkask.com\/wp-content\/uploads\/2019\/03\/P%C3%A4rlid.jpg?resize=525%2C300&ssl=1 1.5x, https:\/\/i0.wp.com\/gunnarkask.com\/wp-content\/uploads\/2019\/03\/P%C3%A4rlid.jpg?resize=700%2C400&ssl=1 2x, https:\/\/i0.wp.com\/gunnarkask.com\/wp-content\/uploads\/2019\/03\/P%C3%A4rlid.jpg?resize=1050%2C600&ssl=1 3x, https:\/\/i0.wp.com\/gunnarkask.com\/wp-content\/uploads\/2019\/03\/P%C3%A4rlid.jpg?resize=1400%2C800&ssl=1 4x"},"classes":[]},{"id":907,"url":"https:\/\/gunnarkask.com\/ru\/peremargid\/","url_meta":{"origin":364,"position":1},"title":"\u0421\u0435\u043c\u0435\u0439\u043d\u044b\u0435 \u0433\u0435\u0440\u0431\u0430","author":"Yllar","date":"19. \u0424\u0435\u0432 2017","format":false,"excerpt":"Valmistan ehteid vastavalt Sinu soovile Piltidel minu poolt valmistatud perem\u00e4rgid H\u00f5bedast perekonna m\u00e4rk","rel":"","context":"\u041f\u043e\u0445\u043e\u0436\u0430\u044f \u0437\u0430\u043f\u0438\u0441\u044c","block_context":{"text":"\u041f\u043e\u0445\u043e\u0436\u0430\u044f \u0437\u0430\u043f\u0438\u0441\u044c","link":""},"img":{"alt_text":"H\u00f5bedast perekonna m\u00e4rk","src":"https:\/\/i0.wp.com\/gunnarkask.com\/wp-content\/uploads\/2017\/02\/H%C3%B5bedast-perekonna-m%C3%A4rk.jpg?resize=350%2C200&ssl=1","width":350,"height":200,"srcset":"https:\/\/i0.wp.com\/gunnarkask.com\/wp-content\/uploads\/2017\/02\/H%C3%B5bedast-perekonna-m%C3%A4rk.jpg?resize=350%2C200&ssl=1 1x, https:\/\/i0.wp.com\/gunnarkask.com\/wp-content\/uploads\/2017\/02\/H%C3%B5bedast-perekonna-m%C3%A4rk.jpg?resize=525%2C300&ssl=1 1.5x, https:\/\/i0.wp.com\/gunnarkask.com\/wp-content\/uploads\/2017\/02\/H%C3%B5bedast-perekonna-m%C3%A4rk.jpg?resize=700%2C400&ssl=1 2x, https:\/\/i0.wp.com\/gunnarkask.com\/wp-content\/uploads\/2017\/02\/H%C3%B5bedast-perekonna-m%C3%A4rk.jpg?resize=1050%2C600&ssl=1 3x"},"classes":[]},{"id":807,"url":"https:\/\/gunnarkask.com\/ru\/mansetinoobid\/","url_meta":{"origin":364,"position":2},"title":"\u0417\u0430\u043f\u043e\u043d\u043a\u0438","author":"Yllar","date":"22. \u041d\u043e\u044f 2016","format":false,"excerpt":"Valmistan ehteid vastavalt Sinu soovile Piltidel minu poolt valmistatud mansetin\u00f6\u00f6bid G677 - kullast mansetin\u00f6\u00f6bid G200 - kullast mansetin\u00f6\u00f6bid h\u00f5bedast vapiga G75 - h\u00f5bedast mansetin\u00f6\u00f6bid G71 - kullast mansetin\u00f6\u00f6bid","rel":"","context":"\u041f\u043e\u0445\u043e\u0436\u0430\u044f \u0437\u0430\u043f\u0438\u0441\u044c","block_context":{"text":"\u041f\u043e\u0445\u043e\u0436\u0430\u044f \u0437\u0430\u043f\u0438\u0441\u044c","link":""},"img":{"alt_text":"Kullast mansetin\u00f6\u00f6bid","src":"https:\/\/i0.wp.com\/gunnarkask.com\/wp-content\/uploads\/2023\/11\/G677-kullast-mansetinoobid-150x150.jpg?resize=350%2C200&ssl=1","width":350,"height":200,"srcset":"https:\/\/i0.wp.com\/gunnarkask.com\/wp-content\/uploads\/2023\/11\/G677-kullast-mansetinoobid-150x150.jpg?resize=350%2C200&ssl=1 1x, https:\/\/i0.wp.com\/gunnarkask.com\/wp-content\/uploads\/2023\/11\/G677-kullast-mansetinoobid-150x150.jpg?resize=525%2C300&ssl=1 1.5x, https:\/\/i0.wp.com\/gunnarkask.com\/wp-content\/uploads\/2023\/11\/G677-kullast-mansetinoobid-150x150.jpg?resize=700%2C400&ssl=1 2x, https:\/\/i0.wp.com\/gunnarkask.com\/wp-content\/uploads\/2023\/11\/G677-kullast-mansetinoobid-150x150.jpg?resize=1050%2C600&ssl=1 3x, https:\/\/i0.wp.com\/gunnarkask.com\/wp-content\/uploads\/2023\/11\/G677-kullast-mansetinoobid-150x150.jpg?resize=1400%2C800&ssl=1 4x"},"classes":[]},{"id":283,"url":"https:\/\/gunnarkask.com\/ru\/nabarongad-needid\/","url_meta":{"origin":364,"position":3},"title":"\u041f\u0438\u0440\u0441\u0438\u043d\u0433","author":"Yllar","date":"12. \u0421\u0435\u043d 2016","format":false,"excerpt":"Valmistan ehteid vastavalt Sinu soovile Piltidel minu poolt valmistatud nabar\u00f5ngad, needid G47 - kullast nabar\u00f5ngasG376 - kullast nabar\u00f5ngas loodusliku roosa kvartsigaG199 - kullast nabar\u00f5ngadG173 - kullast k\u00f5rvaneet - pealuu, l\u00e4bim\u00f5\u00f5t 3mmG48 - kullast kulmuneetG124 - kullast k\u00f5rvaneet rubiiniga","rel":"","context":"\u041f\u043e\u0445\u043e\u0436\u0430\u044f \u0437\u0430\u043f\u0438\u0441\u044c","block_context":{"text":"\u041f\u043e\u0445\u043e\u0436\u0430\u044f \u0437\u0430\u043f\u0438\u0441\u044c","link":""},"img":{"alt_text":"Kullast kulmuneet","src":"https:\/\/i0.wp.com\/gunnarkask.com\/wp-content\/uploads\/2016\/10\/G48-kullast-kulmuneet-150x150.jpg?resize=350%2C200&ssl=1","width":350,"height":200,"srcset":"https:\/\/i0.wp.com\/gunnarkask.com\/wp-content\/uploads\/2016\/10\/G48-kullast-kulmuneet-150x150.jpg?resize=350%2C200&ssl=1 1x, https:\/\/i0.wp.com\/gunnarkask.com\/wp-content\/uploads\/2016\/10\/G48-kullast-kulmuneet-150x150.jpg?resize=525%2C300&ssl=1 1.5x, https:\/\/i0.wp.com\/gunnarkask.com\/wp-content\/uploads\/2016\/10\/G48-kullast-kulmuneet-150x150.jpg?resize=700%2C400&ssl=1 2x, https:\/\/i0.wp.com\/gunnarkask.com\/wp-content\/uploads\/2016\/10\/G48-kullast-kulmuneet-150x150.jpg?resize=1050%2C600&ssl=1 3x, https:\/\/i0.wp.com\/gunnarkask.com\/wp-content\/uploads\/2016\/10\/G48-kullast-kulmuneet-150x150.jpg?resize=1400%2C800&ssl=1 4x"},"classes":[]},{"id":3217,"url":"https:\/\/gunnarkask.com\/ru\/ristid\/","url_meta":{"origin":364,"position":4},"title":"\u041a\u0440\u0435\u0441\u0442\u0438\u043a\u0438","author":"Yllar","date":"10. \u042f\u043d\u0432 2022","format":false,"excerpt":"Valmistan ehteid vastavalt Sinu soovile Piltidel minu poolt valmistatud ristid G766 - kullast rist koralliga G674 - kullast rist G571 - kullast rist turmaliiniga G564-1 - rist - h\u00f5be ja kuld - esik\u00fclg G564-2 - rist - h\u00f5be ja kuld - tagak\u00fclg G560 - kullast rist G502 - kullast rist\u2026","rel":"","context":"\u041f\u043e\u0445\u043e\u0436\u0430\u044f \u0437\u0430\u043f\u0438\u0441\u044c","block_context":{"text":"\u041f\u043e\u0445\u043e\u0436\u0430\u044f \u0437\u0430\u043f\u0438\u0441\u044c","link":""},"img":{"alt_text":"Kullast rist koralliga","src":"https:\/\/i0.wp.com\/gunnarkask.com\/wp-content\/uploads\/2025\/06\/G766-kullast-rist-koralliga-150x150.jpg?resize=350%2C200&ssl=1","width":350,"height":200,"srcset":"https:\/\/i0.wp.com\/gunnarkask.com\/wp-content\/uploads\/2025\/06\/G766-kullast-rist-koralliga-150x150.jpg?resize=350%2C200&ssl=1 1x, https:\/\/i0.wp.com\/gunnarkask.com\/wp-content\/uploads\/2025\/06\/G766-kullast-rist-koralliga-150x150.jpg?resize=525%2C300&ssl=1 1.5x, https:\/\/i0.wp.com\/gunnarkask.com\/wp-content\/uploads\/2025\/06\/G766-kullast-rist-koralliga-150x150.jpg?resize=700%2C400&ssl=1 2x, https:\/\/i0.wp.com\/gunnarkask.com\/wp-content\/uploads\/2025\/06\/G766-kullast-rist-koralliga-150x150.jpg?resize=1050%2C600&ssl=1 3x"},"classes":[]},{"id":167,"url":"https:\/\/gunnarkask.com\/ru\/korvarongad\/","url_meta":{"origin":364,"position":5},"title":"\u0421\u0435\u0440\u044c\u0433\u0438","author":"Yllar","date":"7. \u0421\u0435\u043d 2016","format":false,"excerpt":"Valmistan ehteid vastavalt Sinu soovile Piltidel minu poolt valmistatud k\u00f5rvar\u00f5ngad G792 - kullast k\u00f5rvar\u00f5ngad diopsiididega G787 - kullast k\u00f5rvar\u00f5ngad G786 - kullast k\u00f5rvar\u00f5ngad laboratoorsete teemanditega 2,73ct G785 - kullast k\u00f5rvar\u00f5ngad naturaalsete p\u00e4rlitega G762 - kullast k\u00f5rvar\u00f5ngad G758 - kullast k\u00f5rvar\u00f5ngad G752 - kullast k\u00f5rvar\u00f5ngas G737 - kullast ripatsid k\u00f5rvar\u00f5ngastele G724\u2026","rel":"","context":"\u041f\u043e\u0445\u043e\u0436\u0430\u044f \u0437\u0430\u043f\u0438\u0441\u044c","block_context":{"text":"\u041f\u043e\u0445\u043e\u0436\u0430\u044f \u0437\u0430\u043f\u0438\u0441\u044c","link":""},"img":{"alt_text":"Kullast k\u00f5rvar\u00f5ngad diopsiididega","src":"https:\/\/i0.wp.com\/gunnarkask.com\/wp-content\/uploads\/2025\/12\/G792-kullast-korvarongad-diopsiididega-150x150.jpg?resize=350%2C200&ssl=1","width":350,"height":200,"srcset":"https:\/\/i0.wp.com\/gunnarkask.com\/wp-content\/uploads\/2025\/12\/G792-kullast-korvarongad-diopsiididega-150x150.jpg?resize=350%2C200&ssl=1 1x, https:\/\/i0.wp.com\/gunnarkask.com\/wp-content\/uploads\/2025\/12\/G792-kullast-korvarongad-diopsiididega-150x150.jpg?resize=525%2C300&ssl=1 1.5x, https:\/\/i0.wp.com\/gunnarkask.com\/wp-content\/uploads\/2025\/12\/G792-kullast-korvarongad-diopsiididega-150x150.jpg?resize=700%2C400&ssl=1 2x, https:\/\/i0.wp.com\/gunnarkask.com\/wp-content\/uploads\/2025\/12\/G792-kullast-korvarongad-diopsiididega-150x150.jpg?resize=1050%2C600&ssl=1 3x, https:\/\/i0.wp.com\/gunnarkask.com\/wp-content\/uploads\/2025\/12\/G792-kullast-korvarongad-diopsiididega-150x150.jpg?resize=1400%2C800&ssl=1 4x"},"classes":[]}],"jetpack_sharing_enabled":true,"_links":{"self":[{"href":"https:\/\/gunnarkask.com\/ru\/wp-json\/wp\/v2\/pages\/364","targetHints":{"allow":["GET"]}}],"collection":[{"href":"https:\/\/gunnarkask.com\/ru\/wp-json\/wp\/v2\/pages"}],"about":[{"href":"https:\/\/gunnarkask.com\/ru\/wp-json\/wp\/v2\/types\/page"}],"author":[{"embeddable":true,"href":"https:\/\/gunnarkask.com\/ru\/wp-json\/wp\/v2\/users\/1"}],"replies":[{"embeddable":true,"href":"https:\/\/gunnarkask.com\/ru\/wp-json\/wp\/v2\/comments?post=364"}],"version-history":[{"count":55,"href":"https:\/\/gunnarkask.com\/ru\/wp-json\/wp\/v2\/pages\/364\/revisions"}],"predecessor-version":[{"id":4293,"href":"https:\/\/gunnarkask.com\/ru\/wp-json\/wp\/v2\/pages\/364\/revisions\/4293"}],"wp:attachment":[{"href":"https:\/\/gunnarkask.com\/ru\/wp-json\/wp\/v2\/media?parent=364"}],"curies":[{"name":"wp","href":"https:\/\/api.w.org\/{rel}","templated":true}]}}