{"id":283,"date":"2016-09-12T20:48:56","date_gmt":"2016-09-12T20:48:56","guid":{"rendered":"https:\/\/gunnarkask.com\/?page_id=283"},"modified":"2022-01-22T18:30:10","modified_gmt":"2022-01-22T16:30:10","slug":"nabarongad-needid","status":"publish","type":"page","link":"https:\/\/gunnarkask.com\/ru\/nabarongad-needid\/","title":{"rendered":"\u041f\u0438\u0440\u0441\u0438\u043d\u0433"},"content":{"rendered":"<h3 class=\"has-text-align-center wp-block-heading\"> \u0418\u0437\u0433\u043e\u0442\u0430\u0432\u043b\u0438\u0432\u0430\u044e \u0443\u043a\u0440\u0430\u0448\u0435\u043d\u0438\u044f \u0438\u0441\u0445\u043e\u0434\u044f \u0438\u0437 \u0432\u0430\u0448\u0435\u0433\u043e \u0436\u0435\u043b\u0430\u043d\u0438\u044f <\/h3>\n\n\n\n<p class=\"has-text-align-center\"><strong>\u041d\u0430 \u0444\u043e\u0442\u043e\u0433\u0440\u0430\u0444\u0438\u044f\u0445 \u0438\u0437\u0433\u043e\u0442\u043e\u0432\u043b\u0435\u043d\u043d\u044b\u0435 \u043c\u043d\u043e\u044e \u0441\u0435\u0440\u044c\u0433\u0438 \u0432 \u043f\u0443\u043f\u043e\u043a, \u043f\u0438\u0440\u0441\u0438\u043d\u0433<\/strong><\/p>\n\n\n\n<div style=\"height:1px\" aria-hidden=\"true\" class=\"wp-block-spacer\"><\/div>\n\n\n\n<hr class=\"wp-block-separator\"\/>\n\n\n\n<figure class=\"wp-block-gallery aligncenter columns-3 is-cropped wp-block-gallery-1 is-layout-flex wp-block-gallery-is-layout-flex\"><ul class=\"blocks-gallery-grid\"><li class=\"blocks-gallery-item\"><figure><a href=\"https:\/\/gunnarkask.com\/wp-content\/uploads\/2016\/10\/G47-kullast-nabar\u00f5ngas.jpg\"><img loading=\"lazy\" decoding=\"async\" width=\"1024\" height=\"743\" src=\"https:\/\/gunnarkask.com\/wp-content\/uploads\/2016\/10\/G47-kullast-nabar\u00f5ngas-1024x743.jpg\" alt=\"\" data-id=\"732\" data-full-url=\"https:\/\/gunnarkask.com\/wp-content\/uploads\/2016\/10\/G47-kullast-nabar\u00f5ngas.jpg\" data-link=\"https:\/\/gunnarkask.com\/g47-kullast-nabarongas\/\" class=\"wp-image-732\" srcset=\"https:\/\/gunnarkask.com\/wp-content\/uploads\/2016\/10\/G47-kullast-nabar\u00f5ngas-1024x743.jpg 1024w, https:\/\/gunnarkask.com\/wp-content\/uploads\/2016\/10\/G47-kullast-nabar\u00f5ngas-300x218.jpg 300w, https:\/\/gunnarkask.com\/wp-content\/uploads\/2016\/10\/G47-kullast-nabar\u00f5ngas-768x557.jpg 768w, https:\/\/gunnarkask.com\/wp-content\/uploads\/2016\/10\/G47-kullast-nabar\u00f5ngas-500x363.jpg 500w, https:\/\/gunnarkask.com\/wp-content\/uploads\/2016\/10\/G47-kullast-nabar\u00f5ngas-700x508.jpg 700w, https:\/\/gunnarkask.com\/wp-content\/uploads\/2016\/10\/G47-kullast-nabar\u00f5ngas-332x241.jpg 332w, https:\/\/gunnarkask.com\/wp-content\/uploads\/2016\/10\/G47-kullast-nabar\u00f5ngas.jpg 1897w\" sizes=\"auto, (max-width: 1024px) 100vw, 1024px\" \/><\/a><figcaption class=\"blocks-gallery-item__caption\">G47 &#8211; kullast nabar\u00f5ngas<\/figcaption><\/figure><\/li><li class=\"blocks-gallery-item\"><figure><a href=\"https:\/\/gunnarkask.com\/wp-content\/uploads\/2020\/03\/G376-kullast-nabar\u00f5ngas-loodusliku-roosa-kvartsiga.jpg\"><img loading=\"lazy\" decoding=\"async\" width=\"825\" height=\"1024\" src=\"https:\/\/gunnarkask.com\/wp-content\/uploads\/2020\/03\/G376-kullast-nabar\u00f5ngas-loodusliku-roosa-kvartsiga-825x1024.jpg\" alt=\"\" data-id=\"2510\" data-full-url=\"https:\/\/gunnarkask.com\/wp-content\/uploads\/2020\/03\/G376-kullast-nabar\u00f5ngas-loodusliku-roosa-kvartsiga.jpg\" data-link=\"https:\/\/gunnarkask.com\/g376-kullast-nabarongas-loodusliku-roosa-kvartsiga\/\" class=\"wp-image-2510\" srcset=\"https:\/\/gunnarkask.com\/wp-content\/uploads\/2020\/03\/G376-kullast-nabar\u00f5ngas-loodusliku-roosa-kvartsiga-825x1024.jpg 825w, https:\/\/gunnarkask.com\/wp-content\/uploads\/2020\/03\/G376-kullast-nabar\u00f5ngas-loodusliku-roosa-kvartsiga-242x300.jpg 242w, https:\/\/gunnarkask.com\/wp-content\/uploads\/2020\/03\/G376-kullast-nabar\u00f5ngas-loodusliku-roosa-kvartsiga-768x954.jpg 768w, https:\/\/gunnarkask.com\/wp-content\/uploads\/2020\/03\/G376-kullast-nabar\u00f5ngas-loodusliku-roosa-kvartsiga-1237x1536.jpg 1237w, https:\/\/gunnarkask.com\/wp-content\/uploads\/2020\/03\/G376-kullast-nabar\u00f5ngas-loodusliku-roosa-kvartsiga-1649x2048.jpg 1649w, https:\/\/gunnarkask.com\/wp-content\/uploads\/2020\/03\/G376-kullast-nabar\u00f5ngas-loodusliku-roosa-kvartsiga-700x869.jpg 700w, https:\/\/gunnarkask.com\/wp-content\/uploads\/2020\/03\/G376-kullast-nabar\u00f5ngas-loodusliku-roosa-kvartsiga-332x412.jpg 332w, https:\/\/gunnarkask.com\/wp-content\/uploads\/2020\/03\/G376-kullast-nabar\u00f5ngas-loodusliku-roosa-kvartsiga.jpg 2002w\" sizes=\"auto, (max-width: 825px) 100vw, 825px\" \/><\/a><figcaption class=\"blocks-gallery-item__caption\">G376 &#8211; kullast nabar\u00f5ngas loodusliku roosa kvartsiga<\/figcaption><\/figure><\/li><li class=\"blocks-gallery-item\"><figure><a href=\"https:\/\/gunnarkask.com\/wp-content\/uploads\/2018\/03\/G199-kullast-nabar\u00f5ngad.jpg\"><img loading=\"lazy\" decoding=\"async\" width=\"1024\" height=\"626\" src=\"https:\/\/gunnarkask.com\/wp-content\/uploads\/2018\/03\/G199-kullast-nabar\u00f5ngad-1024x626.jpg\" alt=\"\" data-id=\"1679\" data-full-url=\"https:\/\/gunnarkask.com\/wp-content\/uploads\/2018\/03\/G199-kullast-nabar\u00f5ngad.jpg\" data-link=\"https:\/\/gunnarkask.com\/g199-kullast-nabarongad\/\" class=\"wp-image-1679\" srcset=\"https:\/\/gunnarkask.com\/wp-content\/uploads\/2018\/03\/G199-kullast-nabar\u00f5ngad-1024x626.jpg 1024w, https:\/\/gunnarkask.com\/wp-content\/uploads\/2018\/03\/G199-kullast-nabar\u00f5ngad-300x184.jpg 300w, https:\/\/gunnarkask.com\/wp-content\/uploads\/2018\/03\/G199-kullast-nabar\u00f5ngad-768x470.jpg 768w, https:\/\/gunnarkask.com\/wp-content\/uploads\/2018\/03\/G199-kullast-nabar\u00f5ngad-500x306.jpg 500w, https:\/\/gunnarkask.com\/wp-content\/uploads\/2018\/03\/G199-kullast-nabar\u00f5ngad-700x428.jpg 700w, https:\/\/gunnarkask.com\/wp-content\/uploads\/2018\/03\/G199-kullast-nabar\u00f5ngad-332x203.jpg 332w, https:\/\/gunnarkask.com\/wp-content\/uploads\/2018\/03\/G199-kullast-nabar\u00f5ngad-268x164.jpg 268w\" sizes=\"auto, (max-width: 1024px) 100vw, 1024px\" \/><\/a><figcaption class=\"blocks-gallery-item__caption\">G199 &#8211; kullast nabar\u00f5ngad<\/figcaption><\/figure><\/li><li class=\"blocks-gallery-item\"><figure><a href=\"https:\/\/gunnarkask.com\/wp-content\/uploads\/2017\/12\/G173-kullast-k\u00f5rvaneet-pealuu-l\u00e4bim\u00f5\u00f5t-3mm.jpg\"><img loading=\"lazy\" decoding=\"async\" width=\"1024\" height=\"893\" src=\"https:\/\/gunnarkask.com\/wp-content\/uploads\/2017\/12\/G173-kullast-k\u00f5rvaneet-pealuu-l\u00e4bim\u00f5\u00f5t-3mm-1024x893.jpg\" alt=\"Kullast k\u00f5rvaneet - pealuu, l\u00e4bim\u00f5\u00f5t 3mm - v\u00f5imalikud erinevad nabar\u00f5ngad, needid\" data-id=\"1539\" data-full-url=\"https:\/\/gunnarkask.com\/wp-content\/uploads\/2017\/12\/G173-kullast-k\u00f5rvaneet-pealuu-l\u00e4bim\u00f5\u00f5t-3mm.jpg\" data-link=\"https:\/\/gunnarkask.com\/g173-kullast-korvaneet-pealuu-labimoot-3mm\/\" class=\"wp-image-1539\" srcset=\"https:\/\/gunnarkask.com\/wp-content\/uploads\/2017\/12\/G173-kullast-k\u00f5rvaneet-pealuu-l\u00e4bim\u00f5\u00f5t-3mm-1024x893.jpg 1024w, https:\/\/gunnarkask.com\/wp-content\/uploads\/2017\/12\/G173-kullast-k\u00f5rvaneet-pealuu-l\u00e4bim\u00f5\u00f5t-3mm-300x262.jpg 300w, https:\/\/gunnarkask.com\/wp-content\/uploads\/2017\/12\/G173-kullast-k\u00f5rvaneet-pealuu-l\u00e4bim\u00f5\u00f5t-3mm-768x670.jpg 768w, https:\/\/gunnarkask.com\/wp-content\/uploads\/2017\/12\/G173-kullast-k\u00f5rvaneet-pealuu-l\u00e4bim\u00f5\u00f5t-3mm-500x436.jpg 500w, https:\/\/gunnarkask.com\/wp-content\/uploads\/2017\/12\/G173-kullast-k\u00f5rvaneet-pealuu-l\u00e4bim\u00f5\u00f5t-3mm-700x610.jpg 700w, https:\/\/gunnarkask.com\/wp-content\/uploads\/2017\/12\/G173-kullast-k\u00f5rvaneet-pealuu-l\u00e4bim\u00f5\u00f5t-3mm-332x290.jpg 332w, https:\/\/gunnarkask.com\/wp-content\/uploads\/2017\/12\/G173-kullast-k\u00f5rvaneet-pealuu-l\u00e4bim\u00f5\u00f5t-3mm.jpg 1579w\" sizes=\"auto, (max-width: 1024px) 100vw, 1024px\" \/><\/a><figcaption class=\"blocks-gallery-item__caption\">G173 &#8211; kullast k\u00f5rvaneet &#8211; pealuu, l\u00e4bim\u00f5\u00f5t 3mm<\/figcaption><\/figure><\/li><li class=\"blocks-gallery-item\"><figure><a href=\"https:\/\/gunnarkask.com\/wp-content\/uploads\/2016\/10\/G48-kullast-kulmuneet.jpg\"><img loading=\"lazy\" decoding=\"async\" width=\"1024\" height=\"576\" src=\"https:\/\/gunnarkask.com\/wp-content\/uploads\/2016\/10\/G48-kullast-kulmuneet-1024x576.jpg\" alt=\"\" data-id=\"733\" data-full-url=\"https:\/\/gunnarkask.com\/wp-content\/uploads\/2016\/10\/G48-kullast-kulmuneet.jpg\" data-link=\"https:\/\/gunnarkask.com\/g48-kullast-kulmuneet\/\" class=\"wp-image-733\" srcset=\"https:\/\/gunnarkask.com\/wp-content\/uploads\/2016\/10\/G48-kullast-kulmuneet-1024x576.jpg 1024w, https:\/\/gunnarkask.com\/wp-content\/uploads\/2016\/10\/G48-kullast-kulmuneet-300x169.jpg 300w, https:\/\/gunnarkask.com\/wp-content\/uploads\/2016\/10\/G48-kullast-kulmuneet-768x432.jpg 768w, https:\/\/gunnarkask.com\/wp-content\/uploads\/2016\/10\/G48-kullast-kulmuneet-500x281.jpg 500w, https:\/\/gunnarkask.com\/wp-content\/uploads\/2016\/10\/G48-kullast-kulmuneet-700x393.jpg 700w, https:\/\/gunnarkask.com\/wp-content\/uploads\/2016\/10\/G48-kullast-kulmuneet-332x187.jpg 332w\" sizes=\"auto, (max-width: 1024px) 100vw, 1024px\" \/><\/a><figcaption class=\"blocks-gallery-item__caption\">G48 &#8211; kullast kulmuneet<\/figcaption><\/figure><\/li><li class=\"blocks-gallery-item\"><figure><a href=\"https:\/\/gunnarkask.com\/wp-content\/uploads\/2017\/06\/G124-kullast-k\u00f5rvaneet-rubiiniga.jpg\"><img loading=\"lazy\" decoding=\"async\" width=\"1024\" height=\"576\" src=\"https:\/\/gunnarkask.com\/wp-content\/uploads\/2017\/06\/G124-kullast-k\u00f5rvaneet-rubiiniga-1024x576.jpg\" alt=\"\" data-id=\"1152\" data-full-url=\"https:\/\/gunnarkask.com\/wp-content\/uploads\/2017\/06\/G124-kullast-k\u00f5rvaneet-rubiiniga.jpg\" data-link=\"https:\/\/gunnarkask.com\/g124-kullast-korvaneet-rubiiniga\/\" class=\"wp-image-1152\" srcset=\"https:\/\/gunnarkask.com\/wp-content\/uploads\/2017\/06\/G124-kullast-k\u00f5rvaneet-rubiiniga-1024x576.jpg 1024w, https:\/\/gunnarkask.com\/wp-content\/uploads\/2017\/06\/G124-kullast-k\u00f5rvaneet-rubiiniga-300x169.jpg 300w, https:\/\/gunnarkask.com\/wp-content\/uploads\/2017\/06\/G124-kullast-k\u00f5rvaneet-rubiiniga-768x432.jpg 768w, https:\/\/gunnarkask.com\/wp-content\/uploads\/2017\/06\/G124-kullast-k\u00f5rvaneet-rubiiniga-500x281.jpg 500w, https:\/\/gunnarkask.com\/wp-content\/uploads\/2017\/06\/G124-kullast-k\u00f5rvaneet-rubiiniga-700x393.jpg 700w, https:\/\/gunnarkask.com\/wp-content\/uploads\/2017\/06\/G124-kullast-k\u00f5rvaneet-rubiiniga-332x187.jpg 332w\" sizes=\"auto, (max-width: 1024px) 100vw, 1024px\" \/><\/a><figcaption class=\"blocks-gallery-item__caption\">G124 &#8211; kullast k\u00f5rvaneet rubiiniga<\/figcaption><\/figure><\/li><\/ul><\/figure>","protected":false},"excerpt":{"rendered":"<p>Valmistan ehteid vastavalt Sinu soovile Piltidel minu poolt valmistatud nabar\u00f5ngad, needid<\/p>","protected":false},"author":1,"featured_media":0,"parent":0,"menu_order":0,"comment_status":"closed","ping_status":"closed","template":"","meta":{"footnotes":""},"class_list":["post-283","page","type-page","status-publish","hentry","column","onecol"],"aioseo_notices":[],"jetpack_shortlink":"https:\/\/wp.me\/P7MefF-4z","jetpack-related-posts":[{"id":2178,"url":"https:\/\/gunnarkask.com\/ru\/tehtud-tood\/","url_meta":{"origin":283,"position":0},"title":"\u0421\u0434\u0435\u043b\u0430\u043d\u043d\u044b\u0435 \u0437\u0430\u043a\u0430\u0437\u044b","author":"Yllar","date":"20. \u041c\u0430\u0440 2019","format":false,"excerpt":"Valmistan ehteid vastavalt Sinu soovile. Piltidel minu poolt tehtud t\u00f6\u00f6d teemade j\u00e4rgi. Kui\u00a0Sinulgi on m\u00f5ni\u00a0vahva idee, millest oled m\u00f5elnud, k\u00fcsi julgelt! Leiame koos lahenduse ja peagi saad r\u00f5\u00f5msalt just endale meelep\u00e4rase personaalse ehte! Abielus\u00f5rmused Ehtes\u00f5rmused Ketid, k\u00e4ev\u00f5rud Klotserid K\u00f5rvar\u00f5ngad Ripatsid Ristid Lipsun\u00f5elad, prossid Mansetin\u00f6\u00f6bid Nabar\u00f5ngad, needid Perem\u00e4rgid Kingiidee K\u00f5ik meie\u2026","rel":"","context":"\u041f\u043e\u0445\u043e\u0436\u0430\u044f \u0437\u0430\u043f\u0438\u0441\u044c","block_context":{"text":"\u041f\u043e\u0445\u043e\u0436\u0430\u044f \u0437\u0430\u043f\u0438\u0441\u044c","link":""},"img":{"alt_text":"Tehtud t\u00f6\u00f6d","src":"https:\/\/i0.wp.com\/gunnarkask.com\/wp-content\/uploads\/2019\/03\/P%C3%A4rlid.jpg?resize=350%2C200&ssl=1","width":350,"height":200,"srcset":"https:\/\/i0.wp.com\/gunnarkask.com\/wp-content\/uploads\/2019\/03\/P%C3%A4rlid.jpg?resize=350%2C200&ssl=1 1x, https:\/\/i0.wp.com\/gunnarkask.com\/wp-content\/uploads\/2019\/03\/P%C3%A4rlid.jpg?resize=525%2C300&ssl=1 1.5x, https:\/\/i0.wp.com\/gunnarkask.com\/wp-content\/uploads\/2019\/03\/P%C3%A4rlid.jpg?resize=700%2C400&ssl=1 2x, https:\/\/i0.wp.com\/gunnarkask.com\/wp-content\/uploads\/2019\/03\/P%C3%A4rlid.jpg?resize=1050%2C600&ssl=1 3x, https:\/\/i0.wp.com\/gunnarkask.com\/wp-content\/uploads\/2019\/03\/P%C3%A4rlid.jpg?resize=1400%2C800&ssl=1 4x"},"classes":[]},{"id":907,"url":"https:\/\/gunnarkask.com\/ru\/peremargid\/","url_meta":{"origin":283,"position":1},"title":"\u0421\u0435\u043c\u0435\u0439\u043d\u044b\u0435 \u0433\u0435\u0440\u0431\u0430","author":"Yllar","date":"19. \u0424\u0435\u0432 2017","format":false,"excerpt":"Valmistan ehteid vastavalt Sinu soovile Piltidel minu poolt valmistatud perem\u00e4rgid H\u00f5bedast perekonna m\u00e4rk","rel":"","context":"\u041f\u043e\u0445\u043e\u0436\u0430\u044f \u0437\u0430\u043f\u0438\u0441\u044c","block_context":{"text":"\u041f\u043e\u0445\u043e\u0436\u0430\u044f \u0437\u0430\u043f\u0438\u0441\u044c","link":""},"img":{"alt_text":"H\u00f5bedast perekonna m\u00e4rk","src":"https:\/\/i0.wp.com\/gunnarkask.com\/wp-content\/uploads\/2017\/02\/H%C3%B5bedast-perekonna-m%C3%A4rk.jpg?resize=350%2C200&ssl=1","width":350,"height":200,"srcset":"https:\/\/i0.wp.com\/gunnarkask.com\/wp-content\/uploads\/2017\/02\/H%C3%B5bedast-perekonna-m%C3%A4rk.jpg?resize=350%2C200&ssl=1 1x, https:\/\/i0.wp.com\/gunnarkask.com\/wp-content\/uploads\/2017\/02\/H%C3%B5bedast-perekonna-m%C3%A4rk.jpg?resize=525%2C300&ssl=1 1.5x, https:\/\/i0.wp.com\/gunnarkask.com\/wp-content\/uploads\/2017\/02\/H%C3%B5bedast-perekonna-m%C3%A4rk.jpg?resize=700%2C400&ssl=1 2x, https:\/\/i0.wp.com\/gunnarkask.com\/wp-content\/uploads\/2017\/02\/H%C3%B5bedast-perekonna-m%C3%A4rk.jpg?resize=1050%2C600&ssl=1 3x"},"classes":[]},{"id":807,"url":"https:\/\/gunnarkask.com\/ru\/mansetinoobid\/","url_meta":{"origin":283,"position":2},"title":"\u0417\u0430\u043f\u043e\u043d\u043a\u0438","author":"Yllar","date":"22. \u041d\u043e\u044f 2016","format":false,"excerpt":"Valmistan ehteid vastavalt Sinu soovile Piltidel minu poolt valmistatud mansetin\u00f6\u00f6bid G677 - kullast mansetin\u00f6\u00f6bid G200 - kullast mansetin\u00f6\u00f6bid h\u00f5bedast vapiga G75 - h\u00f5bedast mansetin\u00f6\u00f6bid G71 - kullast mansetin\u00f6\u00f6bid","rel":"","context":"\u041f\u043e\u0445\u043e\u0436\u0430\u044f \u0437\u0430\u043f\u0438\u0441\u044c","block_context":{"text":"\u041f\u043e\u0445\u043e\u0436\u0430\u044f \u0437\u0430\u043f\u0438\u0441\u044c","link":""},"img":{"alt_text":"Kullast mansetin\u00f6\u00f6bid","src":"https:\/\/i0.wp.com\/gunnarkask.com\/wp-content\/uploads\/2023\/11\/G677-kullast-mansetinoobid-150x150.jpg?resize=350%2C200&ssl=1","width":350,"height":200,"srcset":"https:\/\/i0.wp.com\/gunnarkask.com\/wp-content\/uploads\/2023\/11\/G677-kullast-mansetinoobid-150x150.jpg?resize=350%2C200&ssl=1 1x, https:\/\/i0.wp.com\/gunnarkask.com\/wp-content\/uploads\/2023\/11\/G677-kullast-mansetinoobid-150x150.jpg?resize=525%2C300&ssl=1 1.5x, https:\/\/i0.wp.com\/gunnarkask.com\/wp-content\/uploads\/2023\/11\/G677-kullast-mansetinoobid-150x150.jpg?resize=700%2C400&ssl=1 2x, https:\/\/i0.wp.com\/gunnarkask.com\/wp-content\/uploads\/2023\/11\/G677-kullast-mansetinoobid-150x150.jpg?resize=1050%2C600&ssl=1 3x, https:\/\/i0.wp.com\/gunnarkask.com\/wp-content\/uploads\/2023\/11\/G677-kullast-mansetinoobid-150x150.jpg?resize=1400%2C800&ssl=1 4x"},"classes":[]},{"id":364,"url":"https:\/\/gunnarkask.com\/ru\/lipsunoelad-prossid\/","url_meta":{"origin":283,"position":3},"title":"\u0411\u0443\u043b\u0430\u0432\u043a\u0438 \u0434\u043b\u044f \u0433\u0430\u043b\u0441\u0442\u0443\u043a\u0430, \u0431\u0440\u043e\u0448\u0438","author":"Yllar","date":"14. \u0421\u0435\u043d 2016","format":false,"excerpt":"Valmistan ehteid vastavalt Sinu soovile Piltidel minu poolt valmistatud lipsun\u00f5elad, prossid G720 - kullast pross opaalidega G609 - kullast lipsun\u00f5el - Faith Hope Love G66 - kullast lipsun\u00f5el kiviga G174 - h\u00f5bedast lipsun\u00f5el kullast t\u00e4htedega G234-2 - kullast rinnan\u00f5el G234-1 - kullast rinnan\u00f5el G234-1 - kullast rinnan\u00f5el G353 - h\u00f5bedast\u2026","rel":"","context":"\u041f\u043e\u0445\u043e\u0436\u0430\u044f \u0437\u0430\u043f\u0438\u0441\u044c","block_context":{"text":"\u041f\u043e\u0445\u043e\u0436\u0430\u044f \u0437\u0430\u043f\u0438\u0441\u044c","link":""},"img":{"alt_text":"Kullast pross opaalidega","src":"https:\/\/i0.wp.com\/gunnarkask.com\/wp-content\/uploads\/2024\/08\/G720-kullast-pross-opaalidega-150x150.jpg?resize=350%2C200&ssl=1","width":350,"height":200,"srcset":"https:\/\/i0.wp.com\/gunnarkask.com\/wp-content\/uploads\/2024\/08\/G720-kullast-pross-opaalidega-150x150.jpg?resize=350%2C200&ssl=1 1x, https:\/\/i0.wp.com\/gunnarkask.com\/wp-content\/uploads\/2024\/08\/G720-kullast-pross-opaalidega-150x150.jpg?resize=525%2C300&ssl=1 1.5x, https:\/\/i0.wp.com\/gunnarkask.com\/wp-content\/uploads\/2024\/08\/G720-kullast-pross-opaalidega-150x150.jpg?resize=700%2C400&ssl=1 2x, https:\/\/i0.wp.com\/gunnarkask.com\/wp-content\/uploads\/2024\/08\/G720-kullast-pross-opaalidega-150x150.jpg?resize=1050%2C600&ssl=1 3x, https:\/\/i0.wp.com\/gunnarkask.com\/wp-content\/uploads\/2024\/08\/G720-kullast-pross-opaalidega-150x150.jpg?resize=1400%2C800&ssl=1 4x"},"classes":[]},{"id":3217,"url":"https:\/\/gunnarkask.com\/ru\/ristid\/","url_meta":{"origin":283,"position":4},"title":"\u041a\u0440\u0435\u0441\u0442\u0438\u043a\u0438","author":"Yllar","date":"10. \u042f\u043d\u0432 2022","format":false,"excerpt":"Valmistan ehteid vastavalt Sinu soovile Piltidel minu poolt valmistatud ristid G766 - kullast rist koralliga G674 - kullast rist G571 - kullast rist turmaliiniga G564-1 - rist - h\u00f5be ja kuld - esik\u00fclg G564-2 - rist - h\u00f5be ja kuld - tagak\u00fclg G560 - kullast rist G502 - kullast rist\u2026","rel":"","context":"\u041f\u043e\u0445\u043e\u0436\u0430\u044f \u0437\u0430\u043f\u0438\u0441\u044c","block_context":{"text":"\u041f\u043e\u0445\u043e\u0436\u0430\u044f \u0437\u0430\u043f\u0438\u0441\u044c","link":""},"img":{"alt_text":"Kullast rist koralliga","src":"https:\/\/i0.wp.com\/gunnarkask.com\/wp-content\/uploads\/2025\/06\/G766-kullast-rist-koralliga-150x150.jpg?resize=350%2C200&ssl=1","width":350,"height":200,"srcset":"https:\/\/i0.wp.com\/gunnarkask.com\/wp-content\/uploads\/2025\/06\/G766-kullast-rist-koralliga-150x150.jpg?resize=350%2C200&ssl=1 1x, https:\/\/i0.wp.com\/gunnarkask.com\/wp-content\/uploads\/2025\/06\/G766-kullast-rist-koralliga-150x150.jpg?resize=525%2C300&ssl=1 1.5x, https:\/\/i0.wp.com\/gunnarkask.com\/wp-content\/uploads\/2025\/06\/G766-kullast-rist-koralliga-150x150.jpg?resize=700%2C400&ssl=1 2x, https:\/\/i0.wp.com\/gunnarkask.com\/wp-content\/uploads\/2025\/06\/G766-kullast-rist-koralliga-150x150.jpg?resize=1050%2C600&ssl=1 3x"},"classes":[]},{"id":3155,"url":"https:\/\/gunnarkask.com\/ru\/klotserid\/","url_meta":{"origin":283,"position":5},"title":"\u041f\u0435\u0447\u0430\u0442\u043a\u0438","author":"Yllar","date":"5. \u042f\u043d\u0432 2022","format":false,"excerpt":"Valmistan ehteid vastavalt Sinu soovile Piltidel minu poolt valmistatud klotserid G804 - kullast meeste klotser amet\u00fcstiga G768 - h\u00f5bedast s\u00f5rmus G745 - kullast meeste klotser G742 - kullast klotser oon\u00fcksiga 45 grammi G741 - kullast klotser oon\u00fcksiga G733 - kullast klotser rubiinide ja briljantidega G728 - kullast klotser turmaliniga G725\u2026","rel":"","context":"\u041f\u043e\u0445\u043e\u0436\u0430\u044f \u0437\u0430\u043f\u0438\u0441\u044c","block_context":{"text":"\u041f\u043e\u0445\u043e\u0436\u0430\u044f \u0437\u0430\u043f\u0438\u0441\u044c","link":""},"img":{"alt_text":"Kullast meeste klotser amet\u00fcstiga","src":"https:\/\/i0.wp.com\/gunnarkask.com\/wp-content\/uploads\/2026\/03\/G804-kullast-meeste-klotser-ametustiga-150x150.jpg?resize=350%2C200&ssl=1","width":350,"height":200,"srcset":"https:\/\/i0.wp.com\/gunnarkask.com\/wp-content\/uploads\/2026\/03\/G804-kullast-meeste-klotser-ametustiga-150x150.jpg?resize=350%2C200&ssl=1 1x, https:\/\/i0.wp.com\/gunnarkask.com\/wp-content\/uploads\/2026\/03\/G804-kullast-meeste-klotser-ametustiga-150x150.jpg?resize=525%2C300&ssl=1 1.5x, https:\/\/i0.wp.com\/gunnarkask.com\/wp-content\/uploads\/2026\/03\/G804-kullast-meeste-klotser-ametustiga-150x150.jpg?resize=700%2C400&ssl=1 2x, https:\/\/i0.wp.com\/gunnarkask.com\/wp-content\/uploads\/2026\/03\/G804-kullast-meeste-klotser-ametustiga-150x150.jpg?resize=1050%2C600&ssl=1 3x"},"classes":[]}],"jetpack_sharing_enabled":true,"_links":{"self":[{"href":"https:\/\/gunnarkask.com\/ru\/wp-json\/wp\/v2\/pages\/283","targetHints":{"allow":["GET"]}}],"collection":[{"href":"https:\/\/gunnarkask.com\/ru\/wp-json\/wp\/v2\/pages"}],"about":[{"href":"https:\/\/gunnarkask.com\/ru\/wp-json\/wp\/v2\/types\/page"}],"author":[{"embeddable":true,"href":"https:\/\/gunnarkask.com\/ru\/wp-json\/wp\/v2\/users\/1"}],"replies":[{"embeddable":true,"href":"https:\/\/gunnarkask.com\/ru\/wp-json\/wp\/v2\/comments?post=283"}],"version-history":[{"count":51,"href":"https:\/\/gunnarkask.com\/ru\/wp-json\/wp\/v2\/pages\/283\/revisions"}],"predecessor-version":[{"id":3527,"href":"https:\/\/gunnarkask.com\/ru\/wp-json\/wp\/v2\/pages\/283\/revisions\/3527"}],"wp:attachment":[{"href":"https:\/\/gunnarkask.com\/ru\/wp-json\/wp\/v2\/media?parent=283"}],"curies":[{"name":"wp","href":"https:\/\/api.w.org\/{rel}","templated":true}]}}