{"id":2294,"date":"2019-08-11T18:10:06","date_gmt":"2019-08-11T18:10:06","guid":{"rendered":"https:\/\/gunnarkask.com\/?page_id=2294"},"modified":"2026-05-04T21:41:43","modified_gmt":"2026-05-04T18:41:43","slug":"graveerimine","status":"publish","type":"page","link":"https:\/\/gunnarkask.com\/ru\/graveerimine\/","title":{"rendered":"\u0413\u0440\u0430\u0432\u0438\u0440\u043e\u0432\u043a\u0430"},"content":{"rendered":"<p class=\"has-text-align-center\">\u0425\u043e\u0447\u0435\u0448\u044c \u0441\u0434\u0435\u043b\u0430\u0442\u044c \u043f\u0435\u0440\u0441\u043e\u043d\u0430\u043b\u044c\u043d\u044b\u0439 \u0438 \u043f\u0430\u043c\u044f\u0442\u043d\u044b\u0439 \u043f\u043e\u0434\u0430\u0440\u043e\u043a? \u0412\u043e\u0441\u043f\u043e\u043b\u044c\u0437\u0443\u0439\u0441\u044f \u043d\u0430\u0448\u0435\u0439 \u0443\u0441\u043b\u0443\u0433\u043e\u0439 \u0433\u0440\u0430\u0432\u0438\u0440\u043e\u0432\u043a\u0438 \u043c\u0430\u0448\u0438\u043d\u043a\u043e\u0439.<\/p>\n\n\n\n<p class=\"has-text-align-center\">\u0413\u0440\u0430\u0432\u0438\u0440\u043e\u0432\u0430\u0442\u044c \u043c\u043e\u0436\u043d\u043e \u043d\u0430 \u0440\u0430\u0437\u043b\u0438\u0447\u043d\u044b\u0445 \u043f\u0440\u0435\u0434\u043c\u0435\u0442\u0430\u0445 \u0438 \u043c\u0430\u0442\u0435\u0440\u0438\u0430\u043b\u0430\u0445. \u041d\u0430 \u0432\u044b\u0431\u043e\u0440 \u043c\u043d\u043e\u0436\u0435\u0441\u0442\u0432\u043e \u0448\u0440\u0438\u0444\u0442\u043e\u0432. \u041c\u043e\u0436\u043d\u043e \u0433\u0440\u0430\u0432\u0438\u0440\u043e\u0432\u0430\u0442\u044c \u043b\u043e\u0433\u043e, \u0444\u043e\u0440\u043c\u0443, \u0441\u0438\u043c\u0432\u043e\u043b. \u0415\u0441\u043b\u0438 \u0432\u044b \u0445\u043e\u0442\u0438\u0442\u0435 \u043c\u043e\u0436\u043d\u043e \u0440\u0430\u0437\u043e\u043c \u0432\u044b\u043f\u043e\u043b\u043d\u0438\u0442\u044c \u0432\u0441\u0435 \u0440\u0430\u0431\u043e\u0442\u044b, \u0431\u0443\u0434\u044c \u0442\u043e \u0438\u0437\u0433\u043e\u0442\u043e\u0432\u043b\u0435\u043d\u0438\u0435 \u043f\u043e \u0437\u0430\u043a\u0430\u0437\u0443 \u043e\u0431\u0440\u0443\u0447\u0430\u043b\u044c\u043d\u044b\u0445 \u043a\u043e\u043b\u0435\u0446 \u0441 \u0433\u0440\u0430\u0432\u0438\u0440\u043e\u0432\u043a\u043e\u0439 \u0438\u043b\u0438 \u043b\u044e\u0431\u043e\u0435 \u0434\u0440\u0443\u0433\u043e\u0435 \u0443\u043a\u0440\u0430\u0448\u0435\u043d\u0438\u0435. \u0420\u0430\u0431\u043e\u0442\u044b \u0431\u0443\u0434\u0443\u0442 \u0432\u044b\u043f\u043e\u043b\u043d\u0435\u043d\u044b \u0441 \u043f\u043e\u043b\u043d\u043e\u0439 \u043e\u0442\u0434\u0430\u0447\u0435\u0439.<\/p>\n\n\n\n<p class=\"has-text-align-center\"><a href=\"https:\/\/gunnarkask.com\/ru\/kontakt\/\" target=\"_blank\" rel=\"noreferrer noopener\" title=\"\u041a\u043e\u043d\u0442\u0430\u043a\u0442\">\u0421\u043c\u0435\u043b\u043e \u0441\u043f\u0440\u0430\u0448\u0438\u0432\u0430\u0439<\/a> \u043e \u0440\u0430\u0437\u043b\u0438\u0447\u043d\u044b\u0445 \u0432\u043e\u0437\u043c\u043e\u0436\u043d\u043e\u0441\u0442\u044f\u0445 \u0438 \u043c\u044b \u0432\u043c\u0435\u0441\u0442\u0435 \u043d\u0430\u0439\u0434\u0451\u043c \u0440\u0435\u0448\u0435\u043d\u0438\u0435.<\/p>\n\n\n\n<div class=\"wp-block-jetpack-tiled-gallery aligncenter is-style-rectangular\"><div class=\"\"><div class=\"tiled-gallery__gallery\"><div class=\"tiled-gallery__row\"><div class=\"tiled-gallery__col\" style=\"flex-basis:71.00846%\"><figure class=\"tiled-gallery__item\"><img decoding=\"async\" srcset=\"https:\/\/i0.wp.com\/gunnarkask.com\/wp-content\/uploads\/2022\/01\/Masingraveerimine-erinevatele-esemetele-1024x768.jpg?strip=info&#038;w=600&#038;ssl=1 600w,https:\/\/i0.wp.com\/gunnarkask.com\/wp-content\/uploads\/2022\/01\/Masingraveerimine-erinevatele-esemetele-1024x768.jpg?strip=info&#038;w=900&#038;ssl=1 900w,https:\/\/i0.wp.com\/gunnarkask.com\/wp-content\/uploads\/2022\/01\/Masingraveerimine-erinevatele-esemetele-1024x768.jpg?strip=info&#038;w=1200&#038;ssl=1 1200w,https:\/\/i0.wp.com\/gunnarkask.com\/wp-content\/uploads\/2022\/01\/Masingraveerimine-erinevatele-esemetele-1024x768.jpg?strip=info&#038;w=1500&#038;ssl=1 1500w,https:\/\/i0.wp.com\/gunnarkask.com\/wp-content\/uploads\/2022\/01\/Masingraveerimine-erinevatele-esemetele-1024x768.jpg?strip=info&#038;w=1800&#038;ssl=1 1800w,https:\/\/i0.wp.com\/gunnarkask.com\/wp-content\/uploads\/2022\/01\/Masingraveerimine-erinevatele-esemetele-1024x768.jpg?strip=info&#038;w=2000&#038;ssl=1 2000w\" alt=\"Masingraveerimine erinevatele esemetele\" data-height=\"1663\" data-id=\"3486\" data-link=\"https:\/\/gunnarkask.com\/masingraveerimine-erinevatele-esemetele-2\/\" data-url=\"https:\/\/gunnarkask.com\/wp-content\/uploads\/2022\/01\/Masingraveerimine-erinevatele-esemetele-1024x768.jpg\" data-width=\"2217\" src=\"https:\/\/i0.wp.com\/gunnarkask.com\/wp-content\/uploads\/2022\/01\/Masingraveerimine-erinevatele-esemetele-1024x768.jpg?ssl=1\" data-amp-layout=\"responsive\"\/><\/figure><\/div><div class=\"tiled-gallery__col\" style=\"flex-basis:28.99154%\"><figure class=\"tiled-gallery__item\"><img decoding=\"async\" srcset=\"https:\/\/i0.wp.com\/gunnarkask.com\/wp-content\/uploads\/2022\/01\/Graveeringuga-plaadi-valmistamine-1024x897.jpg?strip=info&#038;w=600&#038;ssl=1 600w,https:\/\/i0.wp.com\/gunnarkask.com\/wp-content\/uploads\/2022\/01\/Graveeringuga-plaadi-valmistamine-1024x897.jpg?strip=info&#038;w=900&#038;ssl=1 900w,https:\/\/i0.wp.com\/gunnarkask.com\/wp-content\/uploads\/2022\/01\/Graveeringuga-plaadi-valmistamine-1024x897.jpg?strip=info&#038;w=1200&#038;ssl=1 1200w,https:\/\/i0.wp.com\/gunnarkask.com\/wp-content\/uploads\/2022\/01\/Graveeringuga-plaadi-valmistamine-1024x897.jpg?strip=info&#038;w=1500&#038;ssl=1 1500w,https:\/\/i0.wp.com\/gunnarkask.com\/wp-content\/uploads\/2022\/01\/Graveeringuga-plaadi-valmistamine-1024x897.jpg?strip=info&#038;w=1800&#038;ssl=1 1800w,https:\/\/i0.wp.com\/gunnarkask.com\/wp-content\/uploads\/2022\/01\/Graveeringuga-plaadi-valmistamine-1024x897.jpg?strip=info&#038;w=1898&#038;ssl=1 1898w\" alt=\"Graveeringuga plaadi valmistamine\" data-height=\"1663\" data-id=\"3485\" data-link=\"https:\/\/gunnarkask.com\/graveeringuga-plaadi-valmistamine\/\" data-url=\"https:\/\/gunnarkask.com\/wp-content\/uploads\/2022\/01\/Graveeringuga-plaadi-valmistamine-1024x897.jpg\" data-width=\"1898\" src=\"https:\/\/i0.wp.com\/gunnarkask.com\/wp-content\/uploads\/2022\/01\/Graveeringuga-plaadi-valmistamine-1024x897.jpg?ssl=1\" data-amp-layout=\"responsive\"\/><\/figure><figure class=\"tiled-gallery__item\"><img decoding=\"async\" srcset=\"https:\/\/i0.wp.com\/gunnarkask.com\/wp-content\/uploads\/2026\/03\/lusikas-graveeringuga-1024x978.jpg?strip=info&#038;w=600&#038;ssl=1 600w,https:\/\/i0.wp.com\/gunnarkask.com\/wp-content\/uploads\/2026\/03\/lusikas-graveeringuga-1024x978.jpg?strip=info&#038;w=900&#038;ssl=1 900w,https:\/\/i0.wp.com\/gunnarkask.com\/wp-content\/uploads\/2026\/03\/lusikas-graveeringuga-1024x978.jpg?strip=info&#038;w=1200&#038;ssl=1 1200w,https:\/\/i0.wp.com\/gunnarkask.com\/wp-content\/uploads\/2026\/03\/lusikas-graveeringuga-1024x978.jpg?strip=info&#038;w=1500&#038;ssl=1 1500w,https:\/\/i0.wp.com\/gunnarkask.com\/wp-content\/uploads\/2026\/03\/lusikas-graveeringuga-1024x978.jpg?strip=info&#038;w=1800&#038;ssl=1 1800w,https:\/\/i0.wp.com\/gunnarkask.com\/wp-content\/uploads\/2026\/03\/lusikas-graveeringuga-1024x978.jpg?strip=info&#038;w=1900&#038;ssl=1 1900w\" alt=\"lusikas graveeringuga\" data-height=\"1814\" data-id=\"4640\" data-link=\"https:\/\/gunnarkask.com\/lusikas-graveeringuga\/\" data-url=\"https:\/\/gunnarkask.com\/wp-content\/uploads\/2026\/03\/lusikas-graveeringuga-1024x978.jpg\" data-width=\"1900\" src=\"https:\/\/i0.wp.com\/gunnarkask.com\/wp-content\/uploads\/2026\/03\/lusikas-graveeringuga-1024x978.jpg?ssl=1\" data-amp-layout=\"responsive\"\/><\/figure><\/div><\/div><div class=\"tiled-gallery__row\"><div class=\"tiled-gallery__col\" style=\"flex-basis:45.14230%\"><figure class=\"tiled-gallery__item\"><img decoding=\"async\" srcset=\"https:\/\/i0.wp.com\/gunnarkask.com\/wp-content\/uploads\/2022\/01\/Graveerimine-fontide-naidised-1024x625.jpg?strip=info&#038;w=600&#038;ssl=1 600w,https:\/\/i0.wp.com\/gunnarkask.com\/wp-content\/uploads\/2022\/01\/Graveerimine-fontide-naidised-1024x625.jpg?strip=info&#038;w=900&#038;ssl=1 900w,https:\/\/i0.wp.com\/gunnarkask.com\/wp-content\/uploads\/2022\/01\/Graveerimine-fontide-naidised-1024x625.jpg?strip=info&#038;w=1200&#038;ssl=1 1200w,https:\/\/i0.wp.com\/gunnarkask.com\/wp-content\/uploads\/2022\/01\/Graveerimine-fontide-naidised-1024x625.jpg?strip=info&#038;w=1500&#038;ssl=1 1500w,https:\/\/i0.wp.com\/gunnarkask.com\/wp-content\/uploads\/2022\/01\/Graveerimine-fontide-naidised-1024x625.jpg?strip=info&#038;w=1800&#038;ssl=1 1800w,https:\/\/i0.wp.com\/gunnarkask.com\/wp-content\/uploads\/2022\/01\/Graveerimine-fontide-naidised-1024x625.jpg?strip=info&#038;w=2000&#038;ssl=1 2000w\" alt=\"Graveerimine - fontide n\u00e4idised\" data-height=\"1563\" data-id=\"3487\" data-link=\"https:\/\/gunnarkask.com\/graveerimine-fontide-naidised\/\" data-url=\"https:\/\/gunnarkask.com\/wp-content\/uploads\/2022\/01\/Graveerimine-fontide-naidised-1024x625.jpg\" data-width=\"2560\" src=\"https:\/\/i0.wp.com\/gunnarkask.com\/wp-content\/uploads\/2022\/01\/Graveerimine-fontide-naidised-1024x625.jpg?ssl=1\" data-amp-layout=\"responsive\"\/><\/figure><figure class=\"tiled-gallery__item\"><img decoding=\"async\" srcset=\"https:\/\/i0.wp.com\/gunnarkask.com\/wp-content\/uploads\/2022\/01\/Hobelusikas-graveeritud-monogrammiga-1024x1024.jpg?strip=info&#038;w=600&#038;ssl=1 600w,https:\/\/i0.wp.com\/gunnarkask.com\/wp-content\/uploads\/2022\/01\/Hobelusikas-graveeritud-monogrammiga-1024x1024.jpg?strip=info&#038;w=900&#038;ssl=1 900w,https:\/\/i0.wp.com\/gunnarkask.com\/wp-content\/uploads\/2022\/01\/Hobelusikas-graveeritud-monogrammiga-1024x1024.jpg?strip=info&#038;w=1200&#038;ssl=1 1200w,https:\/\/i0.wp.com\/gunnarkask.com\/wp-content\/uploads\/2022\/01\/Hobelusikas-graveeritud-monogrammiga-1024x1024.jpg?strip=info&#038;w=1500&#038;ssl=1 1500w,https:\/\/i0.wp.com\/gunnarkask.com\/wp-content\/uploads\/2022\/01\/Hobelusikas-graveeritud-monogrammiga-1024x1024.jpg?strip=info&#038;w=1515&#038;ssl=1 1515w\" alt=\"H\u00f5belusikas graveeritud monogrammiga\" data-height=\"1516\" data-id=\"3488\" data-link=\"https:\/\/gunnarkask.com\/hobelusikas-graveeritud-monogrammiga\/\" data-url=\"https:\/\/gunnarkask.com\/wp-content\/uploads\/2022\/01\/Hobelusikas-graveeritud-monogrammiga-1024x1024.jpg\" data-width=\"1515\" src=\"https:\/\/i0.wp.com\/gunnarkask.com\/wp-content\/uploads\/2022\/01\/Hobelusikas-graveeritud-monogrammiga-1024x1024.jpg?ssl=1\" data-amp-layout=\"responsive\"\/><\/figure><\/div><div class=\"tiled-gallery__col\" style=\"flex-basis:54.85770%\"><figure class=\"tiled-gallery__item\"><img decoding=\"async\" srcset=\"https:\/\/i0.wp.com\/gunnarkask.com\/wp-content\/uploads\/2024\/12\/Graveeritud-plaat-768x1024.jpg?strip=info&#038;w=600&#038;ssl=1 600w,https:\/\/i0.wp.com\/gunnarkask.com\/wp-content\/uploads\/2024\/12\/Graveeritud-plaat-768x1024.jpg?strip=info&#038;w=900&#038;ssl=1 900w,https:\/\/i0.wp.com\/gunnarkask.com\/wp-content\/uploads\/2024\/12\/Graveeritud-plaat-768x1024.jpg?strip=info&#038;w=1200&#038;ssl=1 1200w,https:\/\/i0.wp.com\/gunnarkask.com\/wp-content\/uploads\/2024\/12\/Graveeritud-plaat-768x1024.jpg?strip=info&#038;w=1500&#038;ssl=1 1500w,https:\/\/i0.wp.com\/gunnarkask.com\/wp-content\/uploads\/2024\/12\/Graveeritud-plaat-768x1024.jpg?strip=info&#038;w=1800&#038;ssl=1 1800w,https:\/\/i0.wp.com\/gunnarkask.com\/wp-content\/uploads\/2024\/12\/Graveeritud-plaat-768x1024.jpg?strip=info&#038;w=1920&#038;ssl=1 1920w\" alt=\"Graveeritud plaat\" data-height=\"2560\" data-id=\"4348\" data-link=\"https:\/\/gunnarkask.com\/graveeritud-plaat\/\" data-url=\"https:\/\/gunnarkask.com\/wp-content\/uploads\/2024\/12\/Graveeritud-plaat-768x1024.jpg\" data-width=\"1920\" src=\"https:\/\/i0.wp.com\/gunnarkask.com\/wp-content\/uploads\/2024\/12\/Graveeritud-plaat-768x1024.jpg?ssl=1\" data-amp-layout=\"responsive\"\/><\/figure><\/div><\/div><\/div><\/div><\/div>\n\n\n\n<hr class=\"wp-block-separator has-css-opacity\"\/>\n\n\n\n<div style=\"height:46px\" aria-hidden=\"true\" class=\"wp-block-spacer\"><\/div>\n\n\n\n<div class=\"wp-block-cover is-light\"><img loading=\"lazy\" decoding=\"async\" width=\"1663\" height=\"2217\" class=\"wp-block-cover__image-background wp-image-3489\" alt=\"\" src=\"https:\/\/gunnarkask.com\/wp-content\/uploads\/2022\/01\/Graveeritud-monogrammid.jpg\" style=\"object-position:73% 35%\" data-object-fit=\"cover\" data-object-position=\"73% 35%\" srcset=\"https:\/\/gunnarkask.com\/wp-content\/uploads\/2022\/01\/Graveeritud-monogrammid.jpg 1663w, https:\/\/gunnarkask.com\/wp-content\/uploads\/2022\/01\/Graveeritud-monogrammid-225x300.jpg 225w, https:\/\/gunnarkask.com\/wp-content\/uploads\/2022\/01\/Graveeritud-monogrammid-768x1024.jpg 768w, https:\/\/gunnarkask.com\/wp-content\/uploads\/2022\/01\/Graveeritud-monogrammid-1152x1536.jpg 1152w, https:\/\/gunnarkask.com\/wp-content\/uploads\/2022\/01\/Graveeritud-monogrammid-1536x2048.jpg 1536w, https:\/\/gunnarkask.com\/wp-content\/uploads\/2022\/01\/Graveeritud-monogrammid-9x12.jpg 9w, https:\/\/gunnarkask.com\/wp-content\/uploads\/2022\/01\/Graveeritud-monogrammid-700x933.jpg 700w, https:\/\/gunnarkask.com\/wp-content\/uploads\/2022\/01\/Graveeritud-monogrammid-332x443.jpg 332w\" sizes=\"auto, (max-width: 1663px) 100vw, 1663px\" \/><span aria-hidden=\"true\" class=\"wp-block-cover__background has-black-background-color has-background-dim\"><\/span><div class=\"wp-block-cover__inner-container is-layout-flow wp-block-cover-is-layout-flow\">\n<p class=\"has-text-align-center has-text-color has-large-font-size\" style=\"color:#d9d9c6\"> Looking for a memorable and personal gift? <\/p>\n\n\n\n<p class=\"has-text-align-center has-text-color has-large-font-size\" style=\"color:#d9d9c6\">Engraving is the way to go!<\/p>\n\n\n\n<p class=\"has-text-align-center has-white-color has-text-color has-link-color wp-elements-f9a219ff0d2f268de4025de9459ee539\">Engraving can be done on many different objects and materials with a varied<br>selection of fonts. Logos, shapes, and symbols are also engravable. We<br>perform machine engraving. If desired, you can get all the work from us at<br>once &#8211; be it custom wedding rings with an engraving made at your request or<br>any other piece of jewelry made by us with a personal engraving of your<br>choice!<\/p>\n\n\n\n<p class=\"has-text-align-center has-text-color\" style=\"color:#e3e3cb\"><strong>Feel free to <a href=\"https:\/\/gunnarkask.com\/ru\/kontakt\/\" target=\"_blank\" rel=\"noopener\" title=\"Contact\">ask for additional information<\/a> about different options and<br>together we will find the best solution<\/strong>!<\/p>\n<\/div><\/div>\n\n\n\n<hr class=\"wp-block-separator has-alpha-channel-opacity\"\/>\n\n\n\n<figure class=\"wp-block-gallery has-nested-images columns-default is-cropped wp-block-gallery-1 is-layout-flex wp-block-gallery-is-layout-flex\">\n<figure class=\"wp-block-image size-large\"><img loading=\"lazy\" decoding=\"async\" width=\"1024\" height=\"1006\" data-id=\"4211\" src=\"https:\/\/gunnarkask.com\/wp-content\/uploads\/2024\/03\/sumboli-graveerimine-1024x1006.jpg\" alt=\"S\u00fcmboli graveerimine\" class=\"wp-image-4211\" srcset=\"https:\/\/gunnarkask.com\/wp-content\/uploads\/2024\/03\/sumboli-graveerimine-1024x1006.jpg 1024w, https:\/\/gunnarkask.com\/wp-content\/uploads\/2024\/03\/sumboli-graveerimine-300x295.jpg 300w, https:\/\/gunnarkask.com\/wp-content\/uploads\/2024\/03\/sumboli-graveerimine-768x754.jpg 768w, https:\/\/gunnarkask.com\/wp-content\/uploads\/2024\/03\/sumboli-graveerimine-1536x1508.jpg 1536w, https:\/\/gunnarkask.com\/wp-content\/uploads\/2024\/03\/sumboli-graveerimine-12x12.jpg 12w, https:\/\/gunnarkask.com\/wp-content\/uploads\/2024\/03\/sumboli-graveerimine-700x687.jpg 700w, https:\/\/gunnarkask.com\/wp-content\/uploads\/2024\/03\/sumboli-graveerimine-332x326.jpg 332w, https:\/\/gunnarkask.com\/wp-content\/uploads\/2024\/03\/sumboli-graveerimine.jpg 1563w\" sizes=\"auto, (max-width: 1024px) 100vw, 1024px\" \/><figcaption class=\"wp-element-caption\">s\u00fcmboli graveerimine<\/figcaption><\/figure>\n\n\n\n<figure class=\"wp-block-image size-large\"><img loading=\"lazy\" decoding=\"async\" width=\"1024\" height=\"904\" data-id=\"4212\" src=\"https:\/\/gunnarkask.com\/wp-content\/uploads\/2024\/03\/sumboli-ja-pildi-graveerimine-1024x904.jpg\" alt=\"S\u00fcmboli ja pildi graveerimine\" class=\"wp-image-4212\" srcset=\"https:\/\/gunnarkask.com\/wp-content\/uploads\/2024\/03\/sumboli-ja-pildi-graveerimine-1024x904.jpg 1024w, https:\/\/gunnarkask.com\/wp-content\/uploads\/2024\/03\/sumboli-ja-pildi-graveerimine-300x265.jpg 300w, https:\/\/gunnarkask.com\/wp-content\/uploads\/2024\/03\/sumboli-ja-pildi-graveerimine-768x678.jpg 768w, https:\/\/gunnarkask.com\/wp-content\/uploads\/2024\/03\/sumboli-ja-pildi-graveerimine-1536x1356.jpg 1536w, https:\/\/gunnarkask.com\/wp-content\/uploads\/2024\/03\/sumboli-ja-pildi-graveerimine-14x12.jpg 14w, https:\/\/gunnarkask.com\/wp-content\/uploads\/2024\/03\/sumboli-ja-pildi-graveerimine-700x618.jpg 700w, https:\/\/gunnarkask.com\/wp-content\/uploads\/2024\/03\/sumboli-ja-pildi-graveerimine-332x293.jpg 332w, https:\/\/gunnarkask.com\/wp-content\/uploads\/2024\/03\/sumboli-ja-pildi-graveerimine.jpg 1701w\" sizes=\"auto, (max-width: 1024px) 100vw, 1024px\" \/><\/figure>\n<\/figure>","protected":false},"excerpt":{"rendered":"<p>Soovid teha kingitust meeldej\u00e4\u00e4vaks ja personaalseks &#8211; graveerimine pakub Sulle seda v\u00f5imalust. Graveerida on v\u00f5imalik erinevatele esemetele ja materjalidele ning valida saab mitmete erinevate kirjastiilide vahel. Samuti saab graveerida logo v\u00f5i m\u00f5ne kujundi, s\u00fcmboli. Teostame masingraveerimist. Soovi korral saab meie k\u00e4est k\u00f5ik t\u00f6\u00f6d \u00fchekorraga &#8211; olgu see siis Sinu soovil &#8230;<\/p>","protected":false},"author":1,"featured_media":0,"parent":0,"menu_order":0,"comment_status":"closed","ping_status":"closed","template":"","meta":{"footnotes":""},"class_list":["post-2294","page","type-page","status-publish","hentry","column","onecol"],"aioseo_notices":[],"jetpack_shortlink":"https:\/\/wp.me\/P7MefF-B0","jetpack-related-posts":[{"id":2178,"url":"https:\/\/gunnarkask.com\/ru\/tehtud-tood\/","url_meta":{"origin":2294,"position":0},"title":"\u0421\u0434\u0435\u043b\u0430\u043d\u043d\u044b\u0435 \u0437\u0430\u043a\u0430\u0437\u044b","author":"Yllar","date":"20. \u041c\u0430\u0440 2019","format":false,"excerpt":"Valmistan ehteid vastavalt Sinu soovile. Piltidel minu poolt tehtud t\u00f6\u00f6d teemade j\u00e4rgi. Kui\u00a0Sinulgi on m\u00f5ni\u00a0vahva idee, millest oled m\u00f5elnud, k\u00fcsi julgelt! Leiame koos lahenduse ja peagi saad r\u00f5\u00f5msalt just endale meelep\u00e4rase personaalse ehte! Abielus\u00f5rmused Ehtes\u00f5rmused Ketid, k\u00e4ev\u00f5rud Klotserid K\u00f5rvar\u00f5ngad Ripatsid Ristid Lipsun\u00f5elad, prossid Mansetin\u00f6\u00f6bid Nabar\u00f5ngad, needid Perem\u00e4rgid Kingiidee K\u00f5ik meie\u2026","rel":"","context":"\u041f\u043e\u0445\u043e\u0436\u0430\u044f \u0437\u0430\u043f\u0438\u0441\u044c","block_context":{"text":"\u041f\u043e\u0445\u043e\u0436\u0430\u044f \u0437\u0430\u043f\u0438\u0441\u044c","link":""},"img":{"alt_text":"Tehtud t\u00f6\u00f6d","src":"https:\/\/i0.wp.com\/gunnarkask.com\/wp-content\/uploads\/2019\/03\/P%C3%A4rlid.jpg?resize=350%2C200&ssl=1","width":350,"height":200,"srcset":"https:\/\/i0.wp.com\/gunnarkask.com\/wp-content\/uploads\/2019\/03\/P%C3%A4rlid.jpg?resize=350%2C200&ssl=1 1x, https:\/\/i0.wp.com\/gunnarkask.com\/wp-content\/uploads\/2019\/03\/P%C3%A4rlid.jpg?resize=525%2C300&ssl=1 1.5x, https:\/\/i0.wp.com\/gunnarkask.com\/wp-content\/uploads\/2019\/03\/P%C3%A4rlid.jpg?resize=700%2C400&ssl=1 2x, https:\/\/i0.wp.com\/gunnarkask.com\/wp-content\/uploads\/2019\/03\/P%C3%A4rlid.jpg?resize=1050%2C600&ssl=1 3x, https:\/\/i0.wp.com\/gunnarkask.com\/wp-content\/uploads\/2019\/03\/P%C3%A4rlid.jpg?resize=1400%2C800&ssl=1 4x"},"classes":[]},{"id":73,"url":"https:\/\/gunnarkask.com\/ru\/asukoht\/","url_meta":{"origin":2294,"position":1},"title":"\u041a\u0430\u043a \u0434\u043e\u0431\u0440\u0430\u0442\u044c\u0441\u044f","author":"Yllar","date":"7. \u0410\u0432\u0433 2016","format":false,"excerpt":"Asukoht Tartu kesklinnas, Lossi 32 Mugav parkimine otse maja ees. V\u00e4\u00e4rismetallist ehete parandus, valmistamine, graveerimine ja m\u00fc\u00fck Tartus. Teid ootab kullassepp Gunnar Kask","rel":"","context":"\u041f\u043e\u0445\u043e\u0436\u0430\u044f \u0437\u0430\u043f\u0438\u0441\u044c","block_context":{"text":"\u041f\u043e\u0445\u043e\u0436\u0430\u044f \u0437\u0430\u043f\u0438\u0441\u044c","link":""},"img":{"alt_text":"V\u00e4\u00e4rismetallist ehete parandus, valmistamine, graveerimine ja m\u00fc\u00fck Tartus. Teid ootab Kullassepp Gunnar Kask","src":"https:\/\/i0.wp.com\/gunnarkask.com\/wp-content\/uploads\/2016\/10\/ehete-parandus-tartus.jpg?resize=350%2C200&ssl=1","width":350,"height":200,"srcset":"https:\/\/i0.wp.com\/gunnarkask.com\/wp-content\/uploads\/2016\/10\/ehete-parandus-tartus.jpg?resize=350%2C200&ssl=1 1x, https:\/\/i0.wp.com\/gunnarkask.com\/wp-content\/uploads\/2016\/10\/ehete-parandus-tartus.jpg?resize=525%2C300&ssl=1 1.5x, https:\/\/i0.wp.com\/gunnarkask.com\/wp-content\/uploads\/2016\/10\/ehete-parandus-tartus.jpg?resize=700%2C400&ssl=1 2x, https:\/\/i0.wp.com\/gunnarkask.com\/wp-content\/uploads\/2016\/10\/ehete-parandus-tartus.jpg?resize=1050%2C600&ssl=1 3x"},"classes":[]},{"id":364,"url":"https:\/\/gunnarkask.com\/ru\/lipsunoelad-prossid\/","url_meta":{"origin":2294,"position":2},"title":"\u0411\u0443\u043b\u0430\u0432\u043a\u0438 \u0434\u043b\u044f \u0433\u0430\u043b\u0441\u0442\u0443\u043a\u0430, \u0431\u0440\u043e\u0448\u0438","author":"Yllar","date":"14. \u0421\u0435\u043d 2016","format":false,"excerpt":"Valmistan ehteid vastavalt Sinu soovile Piltidel minu poolt valmistatud lipsun\u00f5elad, prossid G720 - kullast pross opaalidega G609 - kullast lipsun\u00f5el - Faith Hope Love G66 - kullast lipsun\u00f5el kiviga G174 - h\u00f5bedast lipsun\u00f5el kullast t\u00e4htedega G234-2 - kullast rinnan\u00f5el G234-1 - kullast rinnan\u00f5el G234-1 - kullast rinnan\u00f5el G353 - h\u00f5bedast\u2026","rel":"","context":"\u041f\u043e\u0445\u043e\u0436\u0430\u044f \u0437\u0430\u043f\u0438\u0441\u044c","block_context":{"text":"\u041f\u043e\u0445\u043e\u0436\u0430\u044f \u0437\u0430\u043f\u0438\u0441\u044c","link":""},"img":{"alt_text":"Kullast pross opaalidega","src":"https:\/\/i0.wp.com\/gunnarkask.com\/wp-content\/uploads\/2024\/08\/G720-kullast-pross-opaalidega-150x150.jpg?resize=350%2C200&ssl=1","width":350,"height":200,"srcset":"https:\/\/i0.wp.com\/gunnarkask.com\/wp-content\/uploads\/2024\/08\/G720-kullast-pross-opaalidega-150x150.jpg?resize=350%2C200&ssl=1 1x, https:\/\/i0.wp.com\/gunnarkask.com\/wp-content\/uploads\/2024\/08\/G720-kullast-pross-opaalidega-150x150.jpg?resize=525%2C300&ssl=1 1.5x, https:\/\/i0.wp.com\/gunnarkask.com\/wp-content\/uploads\/2024\/08\/G720-kullast-pross-opaalidega-150x150.jpg?resize=700%2C400&ssl=1 2x, https:\/\/i0.wp.com\/gunnarkask.com\/wp-content\/uploads\/2024\/08\/G720-kullast-pross-opaalidega-150x150.jpg?resize=1050%2C600&ssl=1 3x, https:\/\/i0.wp.com\/gunnarkask.com\/wp-content\/uploads\/2024\/08\/G720-kullast-pross-opaalidega-150x150.jpg?resize=1400%2C800&ssl=1 4x"},"classes":[]},{"id":2061,"url":"https:\/\/gunnarkask.com\/ru\/monessa\/","url_meta":{"origin":2294,"position":3},"title":"Monessa","author":"Yllar","date":"14. \u041c\u0430\u0440 2019","format":false,"excerpt":"Sukeldu Monessa maailma. Midagi enamat kui lihtsalt k\u00e4ev\u00f5rud! Magnetkinnitus - \u00fchenda erinevalt, nii nagu Sulle meeldib. T\u00e4nu mitmek\u00fclgsusele on v\u00f5imalik meie k\u00e4ev\u00f5rusid suurep\u00e4raselt iga riietuse juurde kombineerida. Sinu Monessa ametlik esindaja Eestis - kullassepp Gunnar Kask \"Me armastame seda, mis meid \u00fchendab ja \u00fchendame seda, mida me armastame.\" www.monessa.de Monessa\u2026","rel":"","context":"\u041f\u043e\u0445\u043e\u0436\u0430\u044f \u0437\u0430\u043f\u0438\u0441\u044c","block_context":{"text":"\u041f\u043e\u0445\u043e\u0436\u0430\u044f \u0437\u0430\u043f\u0438\u0441\u044c","link":""},"img":{"alt_text":"Monessa k\u00e4ev\u00f5rud meestele ja naistele","src":"https:\/\/i0.wp.com\/gunnarkask.com\/wp-content\/uploads\/2019\/03\/monessa-k%C3%A4ev%C3%B5rud.jpg?resize=350%2C200&ssl=1","width":350,"height":200,"srcset":"https:\/\/i0.wp.com\/gunnarkask.com\/wp-content\/uploads\/2019\/03\/monessa-k%C3%A4ev%C3%B5rud.jpg?resize=350%2C200&ssl=1 1x, https:\/\/i0.wp.com\/gunnarkask.com\/wp-content\/uploads\/2019\/03\/monessa-k%C3%A4ev%C3%B5rud.jpg?resize=525%2C300&ssl=1 1.5x, https:\/\/i0.wp.com\/gunnarkask.com\/wp-content\/uploads\/2019\/03\/monessa-k%C3%A4ev%C3%B5rud.jpg?resize=700%2C400&ssl=1 2x"},"classes":[]},{"id":907,"url":"https:\/\/gunnarkask.com\/ru\/peremargid\/","url_meta":{"origin":2294,"position":4},"title":"\u0421\u0435\u043c\u0435\u0439\u043d\u044b\u0435 \u0433\u0435\u0440\u0431\u0430","author":"Yllar","date":"19. \u0424\u0435\u0432 2017","format":false,"excerpt":"Valmistan ehteid vastavalt Sinu soovile Piltidel minu poolt valmistatud perem\u00e4rgid H\u00f5bedast perekonna m\u00e4rk","rel":"","context":"\u041f\u043e\u0445\u043e\u0436\u0430\u044f \u0437\u0430\u043f\u0438\u0441\u044c","block_context":{"text":"\u041f\u043e\u0445\u043e\u0436\u0430\u044f \u0437\u0430\u043f\u0438\u0441\u044c","link":""},"img":{"alt_text":"H\u00f5bedast perekonna m\u00e4rk","src":"https:\/\/i0.wp.com\/gunnarkask.com\/wp-content\/uploads\/2017\/02\/H%C3%B5bedast-perekonna-m%C3%A4rk.jpg?resize=350%2C200&ssl=1","width":350,"height":200,"srcset":"https:\/\/i0.wp.com\/gunnarkask.com\/wp-content\/uploads\/2017\/02\/H%C3%B5bedast-perekonna-m%C3%A4rk.jpg?resize=350%2C200&ssl=1 1x, https:\/\/i0.wp.com\/gunnarkask.com\/wp-content\/uploads\/2017\/02\/H%C3%B5bedast-perekonna-m%C3%A4rk.jpg?resize=525%2C300&ssl=1 1.5x, https:\/\/i0.wp.com\/gunnarkask.com\/wp-content\/uploads\/2017\/02\/H%C3%B5bedast-perekonna-m%C3%A4rk.jpg?resize=700%2C400&ssl=1 2x, https:\/\/i0.wp.com\/gunnarkask.com\/wp-content\/uploads\/2017\/02\/H%C3%B5bedast-perekonna-m%C3%A4rk.jpg?resize=1050%2C600&ssl=1 3x"},"classes":[]},{"id":93,"url":"https:\/\/gunnarkask.com\/ru\/fotogalerii\/","url_meta":{"origin":2294,"position":5},"title":"\u0424\u043e\u0442\u043e\u0433\u0430\u043b\u0435\u0440\u0435\u044f","author":"Yllar","date":"7. \u0410\u0432\u0433 2016","format":false,"excerpt":"Fotogalerii minu poolt valmistatud ehetest K\u00fcsi julgelt pakkumist, et tellida endalegi personaalne ehe!","rel":"","context":"\u041f\u043e\u0445\u043e\u0436\u0430\u044f \u0437\u0430\u043f\u0438\u0441\u044c","block_context":{"text":"\u041f\u043e\u0445\u043e\u0436\u0430\u044f \u0437\u0430\u043f\u0438\u0441\u044c","link":""},"img":{"alt_text":"","src":"","width":0,"height":0},"classes":[]}],"jetpack_sharing_enabled":true,"_links":{"self":[{"href":"https:\/\/gunnarkask.com\/ru\/wp-json\/wp\/v2\/pages\/2294","targetHints":{"allow":["GET"]}}],"collection":[{"href":"https:\/\/gunnarkask.com\/ru\/wp-json\/wp\/v2\/pages"}],"about":[{"href":"https:\/\/gunnarkask.com\/ru\/wp-json\/wp\/v2\/types\/page"}],"author":[{"embeddable":true,"href":"https:\/\/gunnarkask.com\/ru\/wp-json\/wp\/v2\/users\/1"}],"replies":[{"embeddable":true,"href":"https:\/\/gunnarkask.com\/ru\/wp-json\/wp\/v2\/comments?post=2294"}],"version-history":[{"count":40,"href":"https:\/\/gunnarkask.com\/ru\/wp-json\/wp\/v2\/pages\/2294\/revisions"}],"predecessor-version":[{"id":4684,"href":"https:\/\/gunnarkask.com\/ru\/wp-json\/wp\/v2\/pages\/2294\/revisions\/4684"}],"wp:attachment":[{"href":"https:\/\/gunnarkask.com\/ru\/wp-json\/wp\/v2\/media?parent=2294"}],"curies":[{"name":"wp","href":"https:\/\/api.w.org\/{rel}","templated":true}]}}