{"id":2178,"date":"2019-03-20T19:02:32","date_gmt":"2019-03-20T19:02:32","guid":{"rendered":"https:\/\/gunnarkask.com\/?page_id=2178"},"modified":"2022-01-22T18:47:45","modified_gmt":"2022-01-22T16:47:45","slug":"tehtud-tood","status":"publish","type":"page","link":"https:\/\/gunnarkask.com\/ru\/tehtud-tood\/","title":{"rendered":"\u0421\u0434\u0435\u043b\u0430\u043d\u043d\u044b\u0435 \u0437\u0430\u043a\u0430\u0437\u044b"},"content":{"rendered":"<p class=\"has-text-align-center\">\u0418\u0437\u0433\u043e\u0442\u0430\u0432\u043b\u0438\u0432\u0430\u044e \u0443\u043a\u0440\u0430\u0448\u0435\u043d\u0438\u044f \u0438\u0441\u0445\u043e\u0434\u044f \u0438\u0437 \u0432\u0430\u0448\u0435\u0433\u043e \u0436\u0435\u043b\u0430\u043d\u0438\u044f. \u041d\u0430 \u0444\u043e\u0442\u043e \u043f\u0440\u0435\u0434\u0441\u0442\u0430\u0432\u043b\u0435\u043d \u0432\u044b\u0431\u043e\u0440 \u043c\u043d\u043e\u044e \u0441\u0434\u0435\u043b\u0430\u043d\u044b\u0445 \u0437\u0430\u043a\u0430\u0437\u043e\u0432. \u0415\u0441\u043b\u0438 \u0443 \u0442\u0435\u0431\u044f \u0435\u0441\u0442\u044c \u0438\u043d\u0442\u0435\u0440\u0435\u0441\u043d\u044b\u0435 \u0438 \u043d\u0435\u043e\u0431\u044b\u0447\u043d\u044b\u0435 \u0438\u0434\u0435\u0438, \u0441\u043c\u0435\u043b\u043e \u0441\u043f\u0440\u0430\u0448\u0438\u0432\u0430\u0439! \u041c\u044b \u0432\u043c\u0435\u0441\u0442\u0435 \u043d\u0430\u0439\u0434\u0451\u043c \u0440\u0435\u0448\u0435\u043d\u0438\u0435 \u0438 \u0432 \u0441\u043a\u043e\u0440\u043e\u043c \u0432\u0440\u0435\u043c\u0435\u043d\u0438 \u0432\u044b \u0431\u0443\u0434\u0438\u0442\u0435 \u0440\u0430\u0434\u044b \u043f\u043e\u043b\u0443\u0447\u0438\u0442\u044c \u043f\u0435\u0440\u0441\u043e\u043d\u0430\u043b\u044c\u043d\u043e\u0435 \u0443\u043a\u0440\u0430\u0448\u0435\u043d\u0438\u0435, \u043a\u043e\u0442\u043e\u0440\u043e\u0435 \u0445\u043e\u0442\u0435\u043b\u0438 \u0438\u043c\u0435\u043d\u043d\u043e \u0432\u044b.<\/p>\n\n\n\n<figure class=\"wp-block-image size-large is-style-rounded\"><img loading=\"lazy\" decoding=\"async\" width=\"1024\" height=\"680\" src=\"https:\/\/gunnarkask.com\/wp-content\/uploads\/2019\/03\/P\u00e4rlid-1024x680.jpg\" alt=\"Tehtud t\u00f6\u00f6d\" class=\"wp-image-2180\" srcset=\"https:\/\/gunnarkask.com\/wp-content\/uploads\/2019\/03\/P\u00e4rlid-1024x680.jpg 1024w, https:\/\/gunnarkask.com\/wp-content\/uploads\/2019\/03\/P\u00e4rlid-300x199.jpg 300w, https:\/\/gunnarkask.com\/wp-content\/uploads\/2019\/03\/P\u00e4rlid-768x510.jpg 768w, https:\/\/gunnarkask.com\/wp-content\/uploads\/2019\/03\/P\u00e4rlid-500x332.jpg 500w, https:\/\/gunnarkask.com\/wp-content\/uploads\/2019\/03\/P\u00e4rlid-700x465.jpg 700w, https:\/\/gunnarkask.com\/wp-content\/uploads\/2019\/03\/P\u00e4rlid-332x221.jpg 332w\" sizes=\"auto, (max-width: 1024px) 100vw, 1024px\" \/><\/figure>\n\n\n\n<div style=\"height:8px\" aria-hidden=\"true\" class=\"wp-block-spacer\"><\/div>\n\n\n\n<div class=\"wp-block-buttons is-layout-flex wp-block-buttons-is-layout-flex\">\n<div class=\"wp-block-button is-style-outline is-style-outline--1\"><a class=\"wp-block-button__link\" href=\"https:\/\/gunnarkask.com\/ru\/abielusormused\/\">\u041e\u0431\u0440\u0443\u0447\u0430\u043b\u044c\u043d\u044b\u0435 \u043a\u043e\u043b\u044c\u0446\u0430<\/a><\/div>\n\n\n\n<div class=\"wp-block-button is-style-outline is-style-outline--2\"><a class=\"wp-block-button__link\" href=\"https:\/\/gunnarkask.com\/ru\/ehtesormused\/\">\u041a\u043e\u043b\u044c\u0446\u0430<\/a><\/div>\n\n\n\n<div class=\"wp-block-button is-style-outline is-style-outline--3\"><a class=\"wp-block-button__link\" href=\"https:\/\/gunnarkask.com\/ru\/ketid-kaevorud\/\">\u0426\u0435\u043f\u043e\u0447\u043a\u0438 \u0438 \u0431\u0440\u0430\u0441\u043b\u0435\u0442\u044b<\/a><\/div>\n\n\n\n<div class=\"wp-block-button is-style-outline is-style-outline--4\"><a class=\"wp-block-button__link\" href=\"https:\/\/gunnarkask.com\/ru\/klotserid\/\">\u041f\u0435\u0447\u0430\u0442\u043a\u0438<\/a><\/div>\n\n\n\n<div class=\"wp-block-button is-style-outline is-style-outline--5\"><a class=\"wp-block-button__link\" href=\"https:\/\/gunnarkask.com\/ru\/korvarongad\/\">\u0421\u0435\u0440\u044c\u0433\u0438<\/a><\/div>\n\n\n\n<div class=\"wp-block-button is-style-outline is-style-outline--6\"><a class=\"wp-block-button__link\" href=\"https:\/\/gunnarkask.com\/ru\/ripatsid\/\">\u041f\u043e\u0434\u0432\u0435\u0441\u043a\u0438<\/a><\/div>\n\n\n\n<div class=\"wp-block-button is-style-outline is-style-outline--7\"><a class=\"wp-block-button__link\" href=\"https:\/\/gunnarkask.com\/ru\/ristid\/\">\u041a\u0440\u0435\u0441\u0442\u0438\u043a\u0438<\/a><\/div>\n\n\n\n<div class=\"wp-block-button is-style-outline is-style-outline--8\"><a class=\"wp-block-button__link\" href=\"https:\/\/gunnarkask.com\/ru\/lipsunoelad-prossid\/\">\u0411\u0443\u043b\u0430\u0432\u043a\u0438 \u0434\u043b\u044f \u0433\u0430\u043b\u0441\u0442\u0443\u043a\u0430, \u0431\u0440\u043e\u0448\u0438<\/a><\/div>\n\n\n\n<div class=\"wp-block-button is-style-outline is-style-outline--9\"><a class=\"wp-block-button__link\" href=\"https:\/\/gunnarkask.com\/ru\/mansetinoobid\/\">\u0417\u0430\u043f\u043e\u043d\u043a\u0438<\/a><\/div>\n\n\n\n<div class=\"wp-block-button is-style-outline is-style-outline--10\"><a class=\"wp-block-button__link\" href=\"https:\/\/gunnarkask.com\/ru\/nabarongad-needid\/\">\u041f\u0438\u0440\u0441\u0438\u043d\u0433<\/a><\/div>\n\n\n\n<div class=\"wp-block-button is-style-outline is-style-outline--11\"><a class=\"wp-block-button__link\" href=\"https:\/\/gunnarkask.com\/ru\/peremargid\/\">\u0421\u0435\u043c\u0435\u0439\u043d\u044b\u0435 \u0433\u0435\u0440\u0431\u0430<\/a><\/div>\n\n\n\n<div class=\"wp-block-button is-style-outline is-style-outline--12\"><a class=\"wp-block-button__link\" href=\"https:\/\/gunnarkask.com\/ru\/kingiidee\/\">\u0418\u0434\u0435\u044f \u043f\u043e\u0434\u0430\u0440\u043a\u0430<\/a><\/div>\n<\/div>\n\n\n\n<div style=\"height:9px\" aria-hidden=\"true\" class=\"wp-block-spacer\"><\/div>\n\n\n\n<hr class=\"wp-block-separator\"\/>\n\n\n\n<p class=\"has-text-align-center has-background\" style=\"background-color:#fef5dc\"><strong>\u041d\u0430 \u0432\u0441\u0435 \u0432\u044b\u043f\u043e\u043b\u043d\u0435\u043d\u044b\u0435 \u043d\u0430\u043c\u0438 \u0440\u0430\u0431\u043e\u0442\u044b \u043f\u0440\u0438 \u0436\u0435\u043b\u0430\u043d\u0438\u0438 \u043c\u043e\u0436\u043d\u043e \u043d\u0430\u043d\u0435\u0441\u0442\u0438 \u043f\u0435\u0440\u0441\u043e\u043d\u0430\u043b\u044c\u043d\u0443\u044e <a href=\"https:\/\/gunnarkask.com\/ru\/graveerimine\/\" title=\"\u0413\u0440\u0430\u0432\u0438\u0440\u043e\u0432\u043a\u0430\" target=\"_blank\" rel=\"noreferrer noopener\">\u0433\u0440\u0430\u0432\u0438\u0440\u043e\u0432\u043a\u0443<\/a><\/strong><\/p>","protected":false},"excerpt":{"rendered":"<p>Valmistan ehteid vastavalt Sinu soovile. Piltidel minu poolt tehtud t\u00f6\u00f6d teemade j\u00e4rgi. Kui&nbsp;Sinulgi on m\u00f5ni&nbsp;vahva idee, millest oled m\u00f5elnud, k\u00fcsi julgelt! Leiame koos lahenduse ja peagi saad r\u00f5\u00f5msalt just endale meelep\u00e4rase personaalse ehte! K\u00f5ik meie poolt tehtud t\u00f6\u00f6d saavad soovi korral ja v\u00f5imalusel ka personaalse graveeringu<\/p>","protected":false},"author":1,"featured_media":0,"parent":0,"menu_order":0,"comment_status":"closed","ping_status":"closed","template":"","meta":{"footnotes":""},"class_list":["post-2178","page","type-page","status-publish","hentry","column","onecol"],"aioseo_notices":[],"jetpack_shortlink":"https:\/\/wp.me\/P7MefF-z8","jetpack-related-posts":[{"id":2294,"url":"https:\/\/gunnarkask.com\/ru\/graveerimine\/","url_meta":{"origin":2178,"position":0},"title":"\u0413\u0440\u0430\u0432\u0438\u0440\u043e\u0432\u043a\u0430","author":"Yllar","date":"11. \u0410\u0432\u0433 2019","format":false,"excerpt":"Soovid teha kingitust meeldej\u00e4\u00e4vaks ja personaalseks - graveerimine pakub Sulle seda v\u00f5imalust. Graveerida on v\u00f5imalik erinevatele esemetele ja materjalidele ning valida saab mitmete erinevate kirjastiilide vahel. Samuti saab graveerida logo v\u00f5i m\u00f5ne kujundi, s\u00fcmboli. Teostame masingraveerimist. Soovi korral saab meie k\u00e4est k\u00f5ik t\u00f6\u00f6d \u00fchekorraga - olgu see siis Sinu soovil\u2026","rel":"","context":"\u041f\u043e\u0445\u043e\u0436\u0430\u044f \u0437\u0430\u043f\u0438\u0441\u044c","block_context":{"text":"\u041f\u043e\u0445\u043e\u0436\u0430\u044f \u0437\u0430\u043f\u0438\u0441\u044c","link":""},"img":{"alt_text":"S\u00fcmboli graveerimine","src":"https:\/\/i0.wp.com\/gunnarkask.com\/wp-content\/uploads\/2024\/03\/sumboli-graveerimine-150x150.jpg?resize=350%2C200&ssl=1","width":350,"height":200,"srcset":"https:\/\/i0.wp.com\/gunnarkask.com\/wp-content\/uploads\/2024\/03\/sumboli-graveerimine-150x150.jpg?resize=350%2C200&ssl=1 1x, https:\/\/i0.wp.com\/gunnarkask.com\/wp-content\/uploads\/2024\/03\/sumboli-graveerimine-150x150.jpg?resize=525%2C300&ssl=1 1.5x, https:\/\/i0.wp.com\/gunnarkask.com\/wp-content\/uploads\/2024\/03\/sumboli-graveerimine-150x150.jpg?resize=700%2C400&ssl=1 2x, https:\/\/i0.wp.com\/gunnarkask.com\/wp-content\/uploads\/2024\/03\/sumboli-graveerimine-150x150.jpg?resize=1050%2C600&ssl=1 3x, https:\/\/i0.wp.com\/gunnarkask.com\/wp-content\/uploads\/2024\/03\/sumboli-graveerimine-150x150.jpg?resize=1400%2C800&ssl=1 4x"},"classes":[]}],"jetpack_sharing_enabled":true,"_links":{"self":[{"href":"https:\/\/gunnarkask.com\/ru\/wp-json\/wp\/v2\/pages\/2178","targetHints":{"allow":["GET"]}}],"collection":[{"href":"https:\/\/gunnarkask.com\/ru\/wp-json\/wp\/v2\/pages"}],"about":[{"href":"https:\/\/gunnarkask.com\/ru\/wp-json\/wp\/v2\/types\/page"}],"author":[{"embeddable":true,"href":"https:\/\/gunnarkask.com\/ru\/wp-json\/wp\/v2\/users\/1"}],"replies":[{"embeddable":true,"href":"https:\/\/gunnarkask.com\/ru\/wp-json\/wp\/v2\/comments?post=2178"}],"version-history":[{"count":19,"href":"https:\/\/gunnarkask.com\/ru\/wp-json\/wp\/v2\/pages\/2178\/revisions"}],"predecessor-version":[{"id":3536,"href":"https:\/\/gunnarkask.com\/ru\/wp-json\/wp\/v2\/pages\/2178\/revisions\/3536"}],"wp:attachment":[{"href":"https:\/\/gunnarkask.com\/ru\/wp-json\/wp\/v2\/media?parent=2178"}],"curies":[{"name":"wp","href":"https:\/\/api.w.org\/{rel}","templated":true}]}}