{"id":1230,"date":"2017-07-27T14:59:25","date_gmt":"2017-07-27T14:59:25","guid":{"rendered":"https:\/\/gunnarkask.com\/?page_id=1230"},"modified":"2025-07-10T21:36:20","modified_gmt":"2025-07-10T18:36:20","slug":"kingiidee","status":"publish","type":"page","link":"https:\/\/gunnarkask.com\/ru\/kingiidee\/","title":{"rendered":"\u0418\u0434\u0435\u044f \u043f\u043e\u0434\u0430\u0440\u043a\u0430"},"content":{"rendered":"<div style=\"height:1px\" aria-hidden=\"true\" class=\"wp-block-spacer\"><\/div>\n\n\n\n<p class=\"has-text-align-center\"><strong>\u0418\u0449\u0435\u0448\u044c \u043f\u043e\u0434\u0430\u0440\u043e\u043a, \u043d\u043e \u043d\u0435 \u043c\u043e\u0436\u0435\u0448\u044c \u043d\u0430\u0439\u0442\u0438 \u043f\u0440\u0430\u0432\u0438\u043b\u044c\u043d\u044b\u0439? \u0417\u0434\u0435\u0441\u044c \u0442\u044b \u043d\u0430\u0439\u0434\u0451\u0448\u044c \u0440\u0430\u0437\u043b\u0438\u0447\u043d\u044b\u0435 \u0438\u0434\u0435\u0438.<\/strong><\/p>\n\n\n\n<hr class=\"wp-block-separator has-css-opacity\"\/>\n\n\n\n<p class=\"has-text-align-center\"><\/p>\n\n\n\n<figure class=\"wp-block-gallery aligncenter has-nested-images columns-default is-cropped wp-block-gallery-1 is-layout-flex wp-block-gallery-is-layout-flex\">\n<figure class=\"wp-block-image size-large\"><a href=\"https:\/\/gunnarkask.com\/wp-content\/uploads\/2025\/07\/G773-hobedast-meene.jpg\"><img loading=\"lazy\" decoding=\"async\" width=\"1024\" height=\"879\" data-id=\"4472\" src=\"https:\/\/gunnarkask.com\/wp-content\/uploads\/2025\/07\/G773-hobedast-meene-1024x879.jpg\" alt=\"H\u00f5bedast meene\" class=\"wp-image-4472\" srcset=\"https:\/\/gunnarkask.com\/wp-content\/uploads\/2025\/07\/G773-hobedast-meene-1024x879.jpg 1024w, https:\/\/gunnarkask.com\/wp-content\/uploads\/2025\/07\/G773-hobedast-meene-300x257.jpg 300w, https:\/\/gunnarkask.com\/wp-content\/uploads\/2025\/07\/G773-hobedast-meene-768x659.jpg 768w, https:\/\/gunnarkask.com\/wp-content\/uploads\/2025\/07\/G773-hobedast-meene-1536x1318.jpg 1536w, https:\/\/gunnarkask.com\/wp-content\/uploads\/2025\/07\/G773-hobedast-meene-14x12.jpg 14w, https:\/\/gunnarkask.com\/wp-content\/uploads\/2025\/07\/G773-hobedast-meene-700x601.jpg 700w, https:\/\/gunnarkask.com\/wp-content\/uploads\/2025\/07\/G773-hobedast-meene-332x285.jpg 332w, https:\/\/gunnarkask.com\/wp-content\/uploads\/2025\/07\/G773-hobedast-meene.jpg 1613w\" sizes=\"auto, (max-width: 1024px) 100vw, 1024px\" \/><\/a><figcaption class=\"wp-element-caption\">G773 &#8211; h\u00f5bedast meene<\/figcaption><\/figure>\n\n\n\n<figure class=\"wp-block-image size-large\"><a href=\"https:\/\/gunnarkask.com\/wp-content\/uploads\/2023\/11\/G676-1-hobedast-kuubik.jpg\"><img loading=\"lazy\" decoding=\"async\" width=\"1024\" height=\"1024\" data-id=\"4106\" src=\"https:\/\/gunnarkask.com\/wp-content\/uploads\/2023\/11\/G676-1-hobedast-kuubik-1024x1024.jpg\" alt=\"H\u00f5bedast kuubik\" class=\"wp-image-4106\" srcset=\"https:\/\/gunnarkask.com\/wp-content\/uploads\/2023\/11\/G676-1-hobedast-kuubik-1024x1024.jpg 1024w, https:\/\/gunnarkask.com\/wp-content\/uploads\/2023\/11\/G676-1-hobedast-kuubik-300x300.jpg 300w, https:\/\/gunnarkask.com\/wp-content\/uploads\/2023\/11\/G676-1-hobedast-kuubik-150x150.jpg 150w, https:\/\/gunnarkask.com\/wp-content\/uploads\/2023\/11\/G676-1-hobedast-kuubik-768x769.jpg 768w, https:\/\/gunnarkask.com\/wp-content\/uploads\/2023\/11\/G676-1-hobedast-kuubik-12x12.jpg 12w, https:\/\/gunnarkask.com\/wp-content\/uploads\/2023\/11\/G676-1-hobedast-kuubik-700x700.jpg 700w, https:\/\/gunnarkask.com\/wp-content\/uploads\/2023\/11\/G676-1-hobedast-kuubik-332x332.jpg 332w, https:\/\/gunnarkask.com\/wp-content\/uploads\/2023\/11\/G676-1-hobedast-kuubik-432x432.jpg 432w, https:\/\/gunnarkask.com\/wp-content\/uploads\/2023\/11\/G676-1-hobedast-kuubik-268x268.jpg 268w, https:\/\/gunnarkask.com\/wp-content\/uploads\/2023\/11\/G676-1-hobedast-kuubik.jpg 1510w\" sizes=\"auto, (max-width: 1024px) 100vw, 1024px\" \/><\/a><figcaption class=\"wp-element-caption\">G676-1 &#8211; h\u00f5bedast kuubik<\/figcaption><\/figure>\n\n\n\n<figure class=\"wp-block-image size-large\"><a href=\"https:\/\/gunnarkask.com\/wp-content\/uploads\/2023\/11\/G676-2-hobedast-kuubik.jpg\"><img loading=\"lazy\" decoding=\"async\" width=\"1024\" height=\"1021\" data-id=\"4105\" src=\"https:\/\/gunnarkask.com\/wp-content\/uploads\/2023\/11\/G676-2-hobedast-kuubik-1024x1021.jpg\" alt=\"H\u00f5bedast kuubik\" class=\"wp-image-4105\" srcset=\"https:\/\/gunnarkask.com\/wp-content\/uploads\/2023\/11\/G676-2-hobedast-kuubik-1024x1021.jpg 1024w, https:\/\/gunnarkask.com\/wp-content\/uploads\/2023\/11\/G676-2-hobedast-kuubik-300x300.jpg 300w, https:\/\/gunnarkask.com\/wp-content\/uploads\/2023\/11\/G676-2-hobedast-kuubik-150x150.jpg 150w, https:\/\/gunnarkask.com\/wp-content\/uploads\/2023\/11\/G676-2-hobedast-kuubik-768x766.jpg 768w, https:\/\/gunnarkask.com\/wp-content\/uploads\/2023\/11\/G676-2-hobedast-kuubik-12x12.jpg 12w, https:\/\/gunnarkask.com\/wp-content\/uploads\/2023\/11\/G676-2-hobedast-kuubik-700x698.jpg 700w, https:\/\/gunnarkask.com\/wp-content\/uploads\/2023\/11\/G676-2-hobedast-kuubik-332x331.jpg 332w, https:\/\/gunnarkask.com\/wp-content\/uploads\/2023\/11\/G676-2-hobedast-kuubik-432x432.jpg 432w, https:\/\/gunnarkask.com\/wp-content\/uploads\/2023\/11\/G676-2-hobedast-kuubik-268x268.jpg 268w, https:\/\/gunnarkask.com\/wp-content\/uploads\/2023\/11\/G676-2-hobedast-kuubik.jpg 1516w\" sizes=\"auto, (max-width: 1024px) 100vw, 1024px\" \/><\/a><figcaption class=\"wp-element-caption\">G676-2 &#8211; h\u00f5bedast kuubik<\/figcaption><\/figure>\n\n\n\n<figure class=\"wp-block-image size-large\"><a href=\"https:\/\/gunnarkask.com\/wp-content\/uploads\/2023\/11\/G673-kullast-munt-Genshin-Impact.jpg\"><img loading=\"lazy\" decoding=\"async\" width=\"1024\" height=\"986\" data-id=\"4107\" src=\"https:\/\/gunnarkask.com\/wp-content\/uploads\/2023\/11\/G673-kullast-munt-Genshin-Impact-1024x986.jpg\" alt=\"Kullast m\u00fcnt - Genshin Impact\" class=\"wp-image-4107\" srcset=\"https:\/\/gunnarkask.com\/wp-content\/uploads\/2023\/11\/G673-kullast-munt-Genshin-Impact-1024x986.jpg 1024w, https:\/\/gunnarkask.com\/wp-content\/uploads\/2023\/11\/G673-kullast-munt-Genshin-Impact-300x289.jpg 300w, https:\/\/gunnarkask.com\/wp-content\/uploads\/2023\/11\/G673-kullast-munt-Genshin-Impact-768x740.jpg 768w, https:\/\/gunnarkask.com\/wp-content\/uploads\/2023\/11\/G673-kullast-munt-Genshin-Impact-12x12.jpg 12w, https:\/\/gunnarkask.com\/wp-content\/uploads\/2023\/11\/G673-kullast-munt-Genshin-Impact-700x674.jpg 700w, https:\/\/gunnarkask.com\/wp-content\/uploads\/2023\/11\/G673-kullast-munt-Genshin-Impact-332x320.jpg 332w, https:\/\/gunnarkask.com\/wp-content\/uploads\/2023\/11\/G673-kullast-munt-Genshin-Impact.jpg 1118w\" sizes=\"auto, (max-width: 1024px) 100vw, 1024px\" \/><\/a><figcaption class=\"wp-element-caption\">G673 &#8211; kullast m\u00fcnt &#8211; Genshin Impact<\/figcaption><\/figure>\n\n\n\n<figure class=\"wp-block-image size-large\"><a href=\"https:\/\/gunnarkask.com\/wp-content\/uploads\/2017\/07\/H\u00f5beplaat-kinkimiseks-135-grammi.jpg\"><img loading=\"lazy\" decoding=\"async\" width=\"1024\" height=\"576\" data-id=\"1219\" src=\"https:\/\/gunnarkask.com\/wp-content\/uploads\/2017\/07\/H\u00f5beplaat-kinkimiseks-135-grammi-1024x576.jpg\" alt=\"H\u00f5beplaat kinkimiseks, 135 grammi\" class=\"wp-image-1219\" srcset=\"https:\/\/gunnarkask.com\/wp-content\/uploads\/2017\/07\/H\u00f5beplaat-kinkimiseks-135-grammi-1024x576.jpg 1024w, https:\/\/gunnarkask.com\/wp-content\/uploads\/2017\/07\/H\u00f5beplaat-kinkimiseks-135-grammi-300x169.jpg 300w, https:\/\/gunnarkask.com\/wp-content\/uploads\/2017\/07\/H\u00f5beplaat-kinkimiseks-135-grammi-768x432.jpg 768w, https:\/\/gunnarkask.com\/wp-content\/uploads\/2017\/07\/H\u00f5beplaat-kinkimiseks-135-grammi-500x281.jpg 500w, https:\/\/gunnarkask.com\/wp-content\/uploads\/2017\/07\/H\u00f5beplaat-kinkimiseks-135-grammi-700x393.jpg 700w, https:\/\/gunnarkask.com\/wp-content\/uploads\/2017\/07\/H\u00f5beplaat-kinkimiseks-135-grammi-332x187.jpg 332w\" sizes=\"auto, (max-width: 1024px) 100vw, 1024px\" \/><\/a><figcaption class=\"wp-element-caption\">H\u00f5beplaat kinkimiseks, 135 grammi<\/figcaption><\/figure>\n\n\n\n<figure class=\"wp-block-image size-large\"><a href=\"https:\/\/gunnarkask.com\/wp-content\/uploads\/2023\/02\/G626-hobedast-auto.jpg\"><img loading=\"lazy\" decoding=\"async\" width=\"1024\" height=\"874\" data-id=\"3928\" src=\"https:\/\/gunnarkask.com\/wp-content\/uploads\/2023\/02\/G626-hobedast-auto-1024x874.jpg\" alt=\"H\u00f5bedast auto\" class=\"wp-image-3928\" srcset=\"https:\/\/gunnarkask.com\/wp-content\/uploads\/2023\/02\/G626-hobedast-auto-1024x874.jpg 1024w, https:\/\/gunnarkask.com\/wp-content\/uploads\/2023\/02\/G626-hobedast-auto-300x256.jpg 300w, https:\/\/gunnarkask.com\/wp-content\/uploads\/2023\/02\/G626-hobedast-auto-768x655.jpg 768w, https:\/\/gunnarkask.com\/wp-content\/uploads\/2023\/02\/G626-hobedast-auto-1536x1310.jpg 1536w, https:\/\/gunnarkask.com\/wp-content\/uploads\/2023\/02\/G626-hobedast-auto-14x12.jpg 14w, https:\/\/gunnarkask.com\/wp-content\/uploads\/2023\/02\/G626-hobedast-auto-700x597.jpg 700w, https:\/\/gunnarkask.com\/wp-content\/uploads\/2023\/02\/G626-hobedast-auto-332x283.jpg 332w, https:\/\/gunnarkask.com\/wp-content\/uploads\/2023\/02\/G626-hobedast-auto.jpg 1701w\" sizes=\"auto, (max-width: 1024px) 100vw, 1024px\" \/><\/a><figcaption class=\"wp-element-caption\">G626 &#8211; h\u00f5bedast auto<\/figcaption><\/figure>\n\n\n\n<figure class=\"wp-block-image size-large\"><a href=\"https:\/\/gunnarkask.com\/wp-content\/uploads\/2020\/07\/G409-h\u00f5bedast-jalgratas-scaled.jpg\"><img loading=\"lazy\" decoding=\"async\" width=\"768\" height=\"1024\" data-id=\"2701\" src=\"https:\/\/gunnarkask.com\/wp-content\/uploads\/2020\/07\/G409-h\u00f5bedast-jalgratas-768x1024.jpg\" alt=\"H\u00f5bedast jalgratas - kingiidee\" class=\"wp-image-2701\" srcset=\"https:\/\/gunnarkask.com\/wp-content\/uploads\/2020\/07\/G409-h\u00f5bedast-jalgratas-768x1024.jpg 768w, https:\/\/gunnarkask.com\/wp-content\/uploads\/2020\/07\/G409-h\u00f5bedast-jalgratas-225x300.jpg 225w, https:\/\/gunnarkask.com\/wp-content\/uploads\/2020\/07\/G409-h\u00f5bedast-jalgratas-1152x1536.jpg 1152w, https:\/\/gunnarkask.com\/wp-content\/uploads\/2020\/07\/G409-h\u00f5bedast-jalgratas-1536x2048.jpg 1536w, https:\/\/gunnarkask.com\/wp-content\/uploads\/2020\/07\/G409-h\u00f5bedast-jalgratas-700x933.jpg 700w, https:\/\/gunnarkask.com\/wp-content\/uploads\/2020\/07\/G409-h\u00f5bedast-jalgratas-332x443.jpg 332w, https:\/\/gunnarkask.com\/wp-content\/uploads\/2020\/07\/G409-h\u00f5bedast-jalgratas-scaled.jpg 1920w\" sizes=\"auto, (max-width: 768px) 100vw, 768px\" \/><\/a><figcaption class=\"wp-element-caption\">G409 &#8211; h\u00f5bedast jalgratas<\/figcaption><\/figure>\n<\/figure>\n\n\n\n<p><\/p>","protected":false},"excerpt":{"rendered":"<p>\u0418\u0449\u0435\u0448\u044c \u043f\u043e\u0434\u0430\u0440\u043e\u043a, \u043d\u043e \u043d\u0435 \u043c\u043e\u0436\u0435\u0448\u044c \u043d\u0430\u0439\u0442\u0438 \u043f\u0440\u0430\u0432\u0438\u043b\u044c\u043d\u044b\u0439? \u0417\u0434\u0435\u0441\u044c \u0442\u044b \u043d\u0430\u0439\u0434\u0451\u0448\u044c \u0440\u0430\u0437\u043b\u0438\u0447\u043d\u044b\u0435 \u0438\u0434\u0435\u0438.<\/p>","protected":false},"author":1,"featured_media":0,"parent":0,"menu_order":0,"comment_status":"closed","ping_status":"closed","template":"","meta":{"footnotes":""},"class_list":["post-1230","page","type-page","status-publish","hentry","column","onecol"],"aioseo_notices":[],"jetpack_shortlink":"https:\/\/wp.me\/P7MefF-jQ","jetpack-related-posts":[{"id":2178,"url":"https:\/\/gunnarkask.com\/ru\/tehtud-tood\/","url_meta":{"origin":1230,"position":0},"title":"\u0421\u0434\u0435\u043b\u0430\u043d\u043d\u044b\u0435 \u0437\u0430\u043a\u0430\u0437\u044b","author":"Yllar","date":"20. \u041c\u0430\u0440 2019","format":false,"excerpt":"Valmistan ehteid vastavalt Sinu soovile. Piltidel minu poolt tehtud t\u00f6\u00f6d teemade j\u00e4rgi. Kui\u00a0Sinulgi on m\u00f5ni\u00a0vahva idee, millest oled m\u00f5elnud, k\u00fcsi julgelt! Leiame koos lahenduse ja peagi saad r\u00f5\u00f5msalt just endale meelep\u00e4rase personaalse ehte! Abielus\u00f5rmused Ehtes\u00f5rmused Ketid, k\u00e4ev\u00f5rud Klotserid K\u00f5rvar\u00f5ngad Ripatsid Ristid Lipsun\u00f5elad, prossid Mansetin\u00f6\u00f6bid Nabar\u00f5ngad, needid Perem\u00e4rgid Kingiidee K\u00f5ik meie\u2026","rel":"","context":"\u041f\u043e\u0445\u043e\u0436\u0430\u044f \u0437\u0430\u043f\u0438\u0441\u044c","block_context":{"text":"\u041f\u043e\u0445\u043e\u0436\u0430\u044f \u0437\u0430\u043f\u0438\u0441\u044c","link":""},"img":{"alt_text":"Tehtud t\u00f6\u00f6d","src":"https:\/\/i0.wp.com\/gunnarkask.com\/wp-content\/uploads\/2019\/03\/P%C3%A4rlid.jpg?resize=350%2C200&ssl=1","width":350,"height":200,"srcset":"https:\/\/i0.wp.com\/gunnarkask.com\/wp-content\/uploads\/2019\/03\/P%C3%A4rlid.jpg?resize=350%2C200&ssl=1 1x, https:\/\/i0.wp.com\/gunnarkask.com\/wp-content\/uploads\/2019\/03\/P%C3%A4rlid.jpg?resize=525%2C300&ssl=1 1.5x, https:\/\/i0.wp.com\/gunnarkask.com\/wp-content\/uploads\/2019\/03\/P%C3%A4rlid.jpg?resize=700%2C400&ssl=1 2x, https:\/\/i0.wp.com\/gunnarkask.com\/wp-content\/uploads\/2019\/03\/P%C3%A4rlid.jpg?resize=1050%2C600&ssl=1 3x, https:\/\/i0.wp.com\/gunnarkask.com\/wp-content\/uploads\/2019\/03\/P%C3%A4rlid.jpg?resize=1400%2C800&ssl=1 4x"},"classes":[]},{"id":2294,"url":"https:\/\/gunnarkask.com\/ru\/graveerimine\/","url_meta":{"origin":1230,"position":1},"title":"\u0413\u0440\u0430\u0432\u0438\u0440\u043e\u0432\u043a\u0430","author":"Yllar","date":"11. \u0410\u0432\u0433 2019","format":false,"excerpt":"Soovid teha kingitust meeldej\u00e4\u00e4vaks ja personaalseks - graveerimine pakub Sulle seda v\u00f5imalust. Graveerida on v\u00f5imalik erinevatele esemetele ja materjalidele ning valida saab mitmete erinevate kirjastiilide vahel. Samuti saab graveerida logo v\u00f5i m\u00f5ne kujundi, s\u00fcmboli. Teostame masingraveerimist. Soovi korral saab meie k\u00e4est k\u00f5ik t\u00f6\u00f6d \u00fchekorraga - olgu see siis Sinu soovil\u2026","rel":"","context":"\u041f\u043e\u0445\u043e\u0436\u0430\u044f \u0437\u0430\u043f\u0438\u0441\u044c","block_context":{"text":"\u041f\u043e\u0445\u043e\u0436\u0430\u044f \u0437\u0430\u043f\u0438\u0441\u044c","link":""},"img":{"alt_text":"S\u00fcmboli graveerimine","src":"https:\/\/i0.wp.com\/gunnarkask.com\/wp-content\/uploads\/2024\/03\/sumboli-graveerimine-150x150.jpg?resize=350%2C200&ssl=1","width":350,"height":200,"srcset":"https:\/\/i0.wp.com\/gunnarkask.com\/wp-content\/uploads\/2024\/03\/sumboli-graveerimine-150x150.jpg?resize=350%2C200&ssl=1 1x, https:\/\/i0.wp.com\/gunnarkask.com\/wp-content\/uploads\/2024\/03\/sumboli-graveerimine-150x150.jpg?resize=525%2C300&ssl=1 1.5x, https:\/\/i0.wp.com\/gunnarkask.com\/wp-content\/uploads\/2024\/03\/sumboli-graveerimine-150x150.jpg?resize=700%2C400&ssl=1 2x, https:\/\/i0.wp.com\/gunnarkask.com\/wp-content\/uploads\/2024\/03\/sumboli-graveerimine-150x150.jpg?resize=1050%2C600&ssl=1 3x, https:\/\/i0.wp.com\/gunnarkask.com\/wp-content\/uploads\/2024\/03\/sumboli-graveerimine-150x150.jpg?resize=1400%2C800&ssl=1 4x"},"classes":[]},{"id":2078,"url":"https:\/\/gunnarkask.com\/ru\/monessa-kaevorud-meestele\/","url_meta":{"origin":1230,"position":2},"title":"Monessa \u0431\u0440\u0430\u0441\u043b\u0435\u0442\u044b \u0434\u043b\u044f \u043c\u0443\u0436\u0447\u0438\u043d","author":"Yllar","date":"14. \u041c\u0430\u0440 2019","format":false,"excerpt":"\"Me armastame seda, mis meid \u00fchendab ja \u00fchendame seda, mida me armastame.\"Monessa k\u00e4ev\u00f5rud meestele \u00a0 www.monessa.de","rel":"","context":"\u041f\u043e\u0445\u043e\u0436\u0430\u044f \u0437\u0430\u043f\u0438\u0441\u044c","block_context":{"text":"\u041f\u043e\u0445\u043e\u0436\u0430\u044f \u0437\u0430\u043f\u0438\u0441\u044c","link":""},"img":{"alt_text":"","src":"","width":0,"height":0},"classes":[]},{"id":2141,"url":"https:\/\/gunnarkask.com\/ru\/monessa-kaevorud-naistele\/","url_meta":{"origin":1230,"position":3},"title":"Monessa \u0431\u0440\u0430\u0441\u043b\u0435\u0442\u044b \u0434\u043b\u044f \u0436\u0435\u043d\u0449\u0438\u043d","author":"Yllar","date":"14. \u041c\u0430\u0440 2019","format":false,"excerpt":"\"Me armastame seda, mis meid \u00fchendab ja \u00fchendame seda, mida me armastame.\"Monessa k\u00e4ev\u00f5rud naistele \u00a0 www.monessa.de","rel":"","context":"\u041f\u043e\u0445\u043e\u0436\u0430\u044f \u0437\u0430\u043f\u0438\u0441\u044c","block_context":{"text":"\u041f\u043e\u0445\u043e\u0436\u0430\u044f \u0437\u0430\u043f\u0438\u0441\u044c","link":""},"img":{"alt_text":"","src":"","width":0,"height":0},"classes":[]},{"id":3217,"url":"https:\/\/gunnarkask.com\/ru\/ristid\/","url_meta":{"origin":1230,"position":4},"title":"\u041a\u0440\u0435\u0441\u0442\u0438\u043a\u0438","author":"Yllar","date":"10. \u042f\u043d\u0432 2022","format":false,"excerpt":"Valmistan ehteid vastavalt Sinu soovile Piltidel minu poolt valmistatud ristid G766 - kullast rist koralliga G674 - kullast rist G571 - kullast rist turmaliiniga G564-1 - rist - h\u00f5be ja kuld - esik\u00fclg G564-2 - rist - h\u00f5be ja kuld - tagak\u00fclg G560 - kullast rist G502 - kullast rist\u2026","rel":"","context":"\u041f\u043e\u0445\u043e\u0436\u0430\u044f \u0437\u0430\u043f\u0438\u0441\u044c","block_context":{"text":"\u041f\u043e\u0445\u043e\u0436\u0430\u044f \u0437\u0430\u043f\u0438\u0441\u044c","link":""},"img":{"alt_text":"Kullast rist koralliga","src":"https:\/\/i0.wp.com\/gunnarkask.com\/wp-content\/uploads\/2025\/06\/G766-kullast-rist-koralliga-150x150.jpg?resize=350%2C200&ssl=1","width":350,"height":200,"srcset":"https:\/\/i0.wp.com\/gunnarkask.com\/wp-content\/uploads\/2025\/06\/G766-kullast-rist-koralliga-150x150.jpg?resize=350%2C200&ssl=1 1x, https:\/\/i0.wp.com\/gunnarkask.com\/wp-content\/uploads\/2025\/06\/G766-kullast-rist-koralliga-150x150.jpg?resize=525%2C300&ssl=1 1.5x, https:\/\/i0.wp.com\/gunnarkask.com\/wp-content\/uploads\/2025\/06\/G766-kullast-rist-koralliga-150x150.jpg?resize=700%2C400&ssl=1 2x, https:\/\/i0.wp.com\/gunnarkask.com\/wp-content\/uploads\/2025\/06\/G766-kullast-rist-koralliga-150x150.jpg?resize=1050%2C600&ssl=1 3x"},"classes":[]},{"id":2061,"url":"https:\/\/gunnarkask.com\/ru\/monessa\/","url_meta":{"origin":1230,"position":5},"title":"Monessa","author":"Yllar","date":"14. \u041c\u0430\u0440 2019","format":false,"excerpt":"Sukeldu Monessa maailma. Midagi enamat kui lihtsalt k\u00e4ev\u00f5rud! Magnetkinnitus - \u00fchenda erinevalt, nii nagu Sulle meeldib. T\u00e4nu mitmek\u00fclgsusele on v\u00f5imalik meie k\u00e4ev\u00f5rusid suurep\u00e4raselt iga riietuse juurde kombineerida. Sinu Monessa ametlik esindaja Eestis - kullassepp Gunnar Kask \"Me armastame seda, mis meid \u00fchendab ja \u00fchendame seda, mida me armastame.\" www.monessa.de Monessa\u2026","rel":"","context":"\u041f\u043e\u0445\u043e\u0436\u0430\u044f \u0437\u0430\u043f\u0438\u0441\u044c","block_context":{"text":"\u041f\u043e\u0445\u043e\u0436\u0430\u044f \u0437\u0430\u043f\u0438\u0441\u044c","link":""},"img":{"alt_text":"Monessa k\u00e4ev\u00f5rud meestele ja naistele","src":"https:\/\/i0.wp.com\/gunnarkask.com\/wp-content\/uploads\/2019\/03\/monessa-k%C3%A4ev%C3%B5rud.jpg?resize=350%2C200&ssl=1","width":350,"height":200,"srcset":"https:\/\/i0.wp.com\/gunnarkask.com\/wp-content\/uploads\/2019\/03\/monessa-k%C3%A4ev%C3%B5rud.jpg?resize=350%2C200&ssl=1 1x, https:\/\/i0.wp.com\/gunnarkask.com\/wp-content\/uploads\/2019\/03\/monessa-k%C3%A4ev%C3%B5rud.jpg?resize=525%2C300&ssl=1 1.5x, https:\/\/i0.wp.com\/gunnarkask.com\/wp-content\/uploads\/2019\/03\/monessa-k%C3%A4ev%C3%B5rud.jpg?resize=700%2C400&ssl=1 2x"},"classes":[]}],"jetpack_sharing_enabled":true,"_links":{"self":[{"href":"https:\/\/gunnarkask.com\/ru\/wp-json\/wp\/v2\/pages\/1230","targetHints":{"allow":["GET"]}}],"collection":[{"href":"https:\/\/gunnarkask.com\/ru\/wp-json\/wp\/v2\/pages"}],"about":[{"href":"https:\/\/gunnarkask.com\/ru\/wp-json\/wp\/v2\/types\/page"}],"author":[{"embeddable":true,"href":"https:\/\/gunnarkask.com\/ru\/wp-json\/wp\/v2\/users\/1"}],"replies":[{"embeddable":true,"href":"https:\/\/gunnarkask.com\/ru\/wp-json\/wp\/v2\/comments?post=1230"}],"version-history":[{"count":11,"href":"https:\/\/gunnarkask.com\/ru\/wp-json\/wp\/v2\/pages\/1230\/revisions"}],"predecessor-version":[{"id":4478,"href":"https:\/\/gunnarkask.com\/ru\/wp-json\/wp\/v2\/pages\/1230\/revisions\/4478"}],"wp:attachment":[{"href":"https:\/\/gunnarkask.com\/ru\/wp-json\/wp\/v2\/media?parent=1230"}],"curies":[{"name":"wp","href":"https:\/\/api.w.org\/{rel}","templated":true}]}}